{"id":71,"date":"2022-09-19T13:56:29","date_gmt":"2022-09-19T17:56:29","guid":{"rendered":"https:\/\/www.citadel.edu\/registrar\/?page_id=71"},"modified":"2026-04-10T15:58:49","modified_gmt":"2026-04-10T19:58:49","slug":"freshman-seminar","status":"publish","type":"page","link":"https:\/\/www.citadel.edu\/registrar\/general-education-courses\/freshman-seminar\/","title":{"rendered":"Freshman Seminar"},"content":{"rendered":"\n<h2 class=\"wp-block-heading\" id=\"h-fall-2026-freshman-seminar-course-descriptions\">Fall 2026 Freshman Seminar Course Descriptions<\/h2>\n\n\n\n<p><mark class=\"has-inline-color has-citadel-blue-color\">**The paired sections, 01-18 (FSEM\/FSWI), are intended for incoming freshman.<\/mark><\/p>\n\n\n\n<hr class=\"wp-block-separator has-alpha-channel-opacity\" \/>\n\n\n\n<p><strong>FSEM 101-01 (<strong>CRN: 51487<\/strong><\/strong>)<strong>:&nbsp;\u201cEsports in Education&#8221;&nbsp;<\/strong> <br><strong>TR 13:30-14:45<\/strong><br><strong>Professor Harrison<\/strong><br><br><kbd>*<\/kbd><strong>Co-requisite: FSWI 101-01 (CRN: 51488) MWF 10:00-10:50 &#8211; Professor Rink<\/strong><\/p>\n\n\n\n<p><strong>Description: <\/strong>This course examines the development, implementation, and leadership of scholastic esports programs within educational settings. Students will analyze esports as a vehicle for student engagement, digital literacy development, career pathway exploration, and school culture enhancement. Emphasis is placed on innovation leadership, ethical considerations, infrastructure planning, equity and access, and program sustainability. Students will develop a comprehensive esports program proposal as a culminating project.\u00a0<\/p>\n\n\n\n<hr class=\"wp-block-separator has-alpha-channel-opacity\" \/>\n\n\n\n<p><strong>FSEM 101-02 (CRN: 51489): &#8220;Esports in Education&#8221;<br>TR 15:00-16:15<\/strong><br><strong>Professor Harrison<\/strong><br><br><kbd>*<\/kbd><strong>Co-requisite: FSWI 101-02 (CRN: 51490) TR 11:00-12:15<\/strong> &#8211; <strong>Professor Rink<\/strong><\/p>\n\n\n\n<p><strong>Description: <\/strong> This course examines the development, implementation, and leadership of scholastic esports programs within educational settings. Students will analyze esports as a vehicle for student engagement, digital literacy development, career pathway exploration, and school culture enhancement. Emphasis is placed on innovation leadership, ethical considerations, infrastructure planning, equity and access, and program sustainability. Students will develop a comprehensive esports program proposal as a culminating project.\u00a0<\/p>\n\n\n\n<hr class=\"wp-block-separator has-alpha-channel-opacity\" \/>\n\n\n\n<p><strong>FSEM 101-03 (CRN: 51491)<\/strong>:<strong>&nbsp;\u201cVideo Game Culture\u201d<\/strong><br><strong>MWF 08:00-08:50<\/strong><br><strong>Professor Skenes<\/strong><br><br><kbd>*<\/kbd><strong>Co-requisite: FSWI 101-03 (CRN: 51492): MWF 11:00-11:50<\/strong> &#8211; <strong>Professor Rink<\/strong><\/p>\n\n\n\n<p><strong>Description: <\/strong> This First-Year Seminar will give students a behind-the-scenes look at the cultural phenomenon of video games.&nbsp;&nbsp;The class will begin by looking at the history of video games from a technical standpoint and move into a discussion of the increasing role video games have played in culture and politics.&nbsp;&nbsp;From there, the course will move into a discussion of creative license and censorship in an artistic medium, and the&nbsp;various ways&nbsp;video games are treated in this manner.&nbsp;&nbsp;This will be followed by a discussion on historical accuracy and the integration of real-life events into a player-controlled story.&nbsp;&nbsp;As part of this historical accuracy section, students will be expected to model fundamental physics to predict how objects behave when acted upon by forces in the real world.&nbsp;&nbsp;The course will then address business models for creating video games and how they differ between AAA-level studios like Electronic Arts or Blizzard and indie developers on a shoestring budget.&nbsp;&nbsp;Finally, students will spend time studying the potential effects of video games on real-life actions, ranging from&nbsp;possible links&nbsp;to violence and addiction to therapeutic treatment and the development of fine motor skills.&nbsp; &nbsp;<\/p>\n\n\n\n<hr class=\"wp-block-separator has-alpha-channel-opacity\" \/>\n\n\n\n<p><strong>FSEM 101-04 (CRN: 51493): &#8220;Machine Learning &amp; Internet Things&#8221;<\/strong><br>MWF<strong> 10:00-10:50<\/strong><br><strong>Professor Aggarwal<\/strong><br><br><kbd>*<\/kbd><strong>Co-requisite: FSWI 101-04 (CRN: 51494) MWF 11:00-12:15<\/strong> &#8211; <strong>Professor Scott<\/strong><\/p>\n\n\n\n<p><strong>Description: <\/strong> Coming Soon!<\/p>\n\n\n\n<hr class=\"wp-block-separator has-alpha-channel-opacity\" \/>\n\n\n\n<p><strong>FSEM 101-05 (CRN: 51495) : &#8220;Cybersecurity &amp; Humans&#8221;<br>TR 08:00-09:15<br>Professor Sahin<br><br><kbd>*<\/kbd>Co-requisite: FSWI 101-05 (CRN: 51496): TR 09:30-10:45 &#8211; Professor Vilouta Vasquez<\/strong><\/p>\n\n\n\n<p><strong>Description: <\/strong> This course introduces cybersecurity as a critical&nbsp;domain&nbsp;shaping modern society and everyday life. While cybersecurity is often viewed as highly technical, this course approaches it through the lens of&nbsp;the human&nbsp;experience. Technology does not exist in isolation, but it reflects human choices, values, behaviors, and vulnerabilities. At the same time, the systems we build shape our privacy, security, relationships, leadership decisions, and even national defense. It further explores the major sub-domains of cybersecurity, such as social engineering, network security, cryptography, digital forensics, and human-centered security, without requiring prior technical experience. Through interactive games, case studies, debates, applied activities, and reflective writing, students will examine how cyber systems are attacked, defended, regulated, and managed, and how human behavior&nbsp;remains&nbsp;at the center of both risk and protection.&nbsp;<\/p>\n\n\n\n<p>The course emphasizes critical thinking, ethical reasoning, leadership responsibility, and real-world application rather than technical complexity. Students will leave with a broad understanding of cybersecurity career domains, risks, and responsibilities, as well as practical skills for personal digital security and thoughtful participation in an increasingly connected world.&nbsp;<\/p>\n\n\n\n<hr class=\"wp-block-separator has-alpha-channel-opacity\" \/>\n\n\n\n<p><strong>FSEM 101-06 (CRN: 51497) : &#8220;Media Past &amp; Present&#8221;<br>MW 14:30-15:45<br>Professor Wood<br><br><kbd>*<\/kbd>Co-requisite: FSWI 101-06 (CRN: 51498): MWF 10:00-10:50 &#8211; Professor Livingston<\/strong><\/p>\n\n\n\n<p><strong>Description: <\/strong> In tracing the history of&nbsp;media, the notions of progress and \u201cnewness\u201d play a pivotal role. This course will situate various&nbsp;media&nbsp;technologies and theories of history in contexts that are both strange and familiar. In doing so, we shall see that&nbsp;media&nbsp;technologies often taken for granted represent a seminal shift in human history, while other seemingly \u201cnew\u201d forms of communication are&nbsp;mere&nbsp;reinventions of the old. This course will map the emergence and effects of&nbsp;media, such as printed text, sound recording, film, radio, television, computer software, and social&nbsp;media. These&nbsp;media&nbsp;technologies will be studied in relation to empire building, extraterrestrial communication, virtual reality simulators, special effects, and more. As we study these historical moments and developments, we will consider how technology influences culture and the ways in which culture influences technology.&nbsp;<\/p>\n\n\n\n<hr class=\"wp-block-separator has-alpha-channel-opacity\" \/>\n\n\n\n<p><strong>FSEM 101-07 (CRN: 51499):&nbsp; &#8220;Games &amp; How to Win Them&#8221;<br>MWF 10:00-10:50<br>Professor Swart<br><br><kbd>*<\/kbd>Co-requisite: FSWI 101-07 (CRN: 51500) TR 11:00-12:15 &#8211; Professor Spring<\/strong><\/p>\n\n\n\n<p><strong>Description: <\/strong> In this FSEM 101, we will explore a variety of deterministic combinatorial games, including impartial and partisan games. For each game, we will&nbsp;determine&nbsp;winning strategies. Justifications will play&nbsp;an important role&nbsp;in this course. Games investigated may include Nim, Hex, and Hackenbush.<\/p>\n\n\n\n<hr class=\"wp-block-separator has-alpha-channel-opacity\" \/>\n\n\n\n<p><strong>FSEM 101-08 (CRN: 51501):&nbsp; &#8220;<strong>Games &amp; How to Win Them<\/strong>&#8220;<br>MWF 12:00-12:50<br>Professor Swart<br><br><kbd>*<\/kbd>Co-requisite: FSWI 101-08 (CRN: 51502): TR 13:30-14:45 &#8211; Professor Spring<\/strong><\/p>\n\n\n\n<p><strong>Description: <\/strong> In this FSEM 101, we will explore a variety of deterministic combinatorial games, including impartial and partisan games. For each game, we will&nbsp;determine&nbsp;winning strategies. Justifications will play&nbsp;an important role&nbsp;in this course. Games investigated may include Nim, Hex, and Hackenbush.<\/p>\n\n\n\n<hr class=\"wp-block-separator has-alpha-channel-opacity\" \/>\n\n\n\n<p><strong>FSEM 101-09 (CRN: 51503):&nbsp; &#8220;<strong>History of the FBI<\/strong>&#8220;<br>TR 11:00-12:15<br>Professor Graves<br><br><kbd>*<\/kbd>Co-requisite: FSWI 101-09 (CRN: 51504) TR 09:30-10:45 &#8211; Professor Hendriks<\/strong><\/p>\n\n\n\n<p><strong>Description: <\/strong> This course introduces students to the history of the FBI as a prism through which to view the larger history of the United States\u2019 approach to law enforcement and intelligence over the last 120 years. What began as a controversial, \u201cfederal\u201d creation in the tenuous years following the Civil War eventually burgeoned into the FBI as we know it today\u2014a large organization with the ability to investigate worldwide wrongdoings, led primarily through the work of special agents. This course will challenge traditional stereotypes of the Bureau by looking at specific instances in history, assessing spheres of power, and evaluating the impacts of popular figures (i.e., J. Edgar Hoover) on the Bureau\u2019s development. The class will strengthen students\u2019 ability to analyze and communicate different issues and be&nbsp;informed&nbsp;citizens concerning issues related to the FBI. Students will uncover the iterative nature of crime, espionage, and war, which led to paradigm shifts in American society.&nbsp;<\/p>\n\n\n\n<hr class=\"wp-block-separator has-alpha-channel-opacity\" \/>\n\n\n\n<p><strong>FSEM 101-10 (CRN: 51505):&nbsp; &#8220;<strong>French Culture<\/strong>&#8220;<br>MWF 11:00-11:50<br>Professor Frask-Ramos<br><br><kbd>*<\/kbd>Co-requisite: FSWI 101-10 (CRN: 51506) MWF 13:00-13:50 &#8211; Professor Booth<\/strong><\/p>\n\n\n\n<p><strong>Description: <\/strong> The romantic language, the internationally beloved art,&nbsp;the sophistication, the&nbsp;fancy cuisine. What makes the French so\u2026 French? Find out in Culture of France where&nbsp;we\u2019ll&nbsp;take a leisurely tour of France\u2019s cultural traditions from their core values such as libert\u00e9, \u00e9galit\u00e9, fraternit\u00e9 (liberty,&nbsp;equality&nbsp;and brotherhood) to their artistic legacy in literature and even their culinary creations!&nbsp;We\u2019ll&nbsp;also be looking into their rich tradition of intellectualism as well as pivotal historical events. If you want to find out why the French are who they are, Culture of France is the class for you!&nbsp;&nbsp;&nbsp;<\/p>\n\n\n\n<hr class=\"wp-block-separator has-alpha-channel-opacity\" \/>\n\n\n\n<p><strong>FSEM 101-11 (CRN: 51507):&nbsp; &#8220;Modern Americans, Modern Grit&#8221;<br>TR 08:00-08:50<br>Professor Leonard<br><br><kbd>*<\/kbd>Co-requisite: FSWI 101-11 (CRN: 51508) TR 13:30-14:45 &#8211; Professor Vilouta Vazquez<\/strong><\/p>\n\n\n\n<p><strong>Description: <\/strong> Coming Soon!<\/p>\n\n\n\n<hr class=\"wp-block-separator has-alpha-channel-opacity\" \/>\n\n\n\n<p><strong>FSEM 101-12 (CRN: 51509):\u00a0 &#8220;Theory of Knowledge&#8221;<br>TR 08:00-09:15<br>Professor Ortiz<br><br><kbd>*<\/kbd>Co-requisite: FSWI 101-12 (CRN: 51510) MWF 12:00-12:50 &#8211; Professor Booth<\/strong><\/p>\n\n\n\n<p><strong>Description: <\/strong> In this course, students reflect on the nature of knowledge, and how we know what we claim to know. Through critical thinking and inquiry, they are encouraged to question assumptions, analyze different perspectives, and support their ideas with evidence. Rather than passively accepting information, students learn to engage actively with knowledge, construct reasoned arguments, and navigate its complexities with clarity and coherence.\u00a0\u00a0\u00a0\u00a0<\/p>\n\n\n\n<p><strong>FSEM 101-13 (CRN: 51511):&nbsp; &#8220;<strong>Reading Urban Spaces<\/strong>&#8220;<br>TR 09:30-10:45<br>Professor Mushal<br><br>*Co-requisite: FSWI 101-13 (CRN: 51512) TR 11:00-12:15 &#8211; Professor Leonard<\/strong><\/p>\n\n\n\n<p><strong>Description: <\/strong> Why do different towns and cities look the way they&nbsp;do? How do geography, economic concerns, and cultural values shape a city? Can you tell a city\u2019s history by looking at its buildings and roads? How do cities adapt to new challenges? This class will examine key aspects of urban development over the past three centuries. These will include 18th-century ideas of trade and ordering the landscape; 19th-century industrialization and the creation of new parks in cities; the role of commerce and transportation networks in shaping urban layout; the role of cars and other new technology in shaping building forms and urban expansion; and some of the challenges facing American cities today. We will discuss how each of these developments reflects larger social values, and how they have shaped experiences of urban life.&nbsp;<\/p>\n\n\n\n<hr class=\"wp-block-separator has-alpha-channel-opacity\" \/>\n\n\n\n<p><strong>FSEM 101-14 (CRN: 51513):&nbsp; &#8220;<strong>Reading Urban Spaces<\/strong>&#8220;<br>TR 11:00-12:15<br>Professor Mushal<br><br><kbd>*<\/kbd>Co-requisite: FSWI 101-14 (CRN: 51514) TR 09:30-10:45 &#8211; Professor Leonard<\/strong><\/p>\n\n\n\n<p><strong>Description: <\/strong> Why do different towns and cities look the way they&nbsp;do? How do geography, economic concerns, and cultural values shape a city? Can you tell a city\u2019s history by looking at its buildings and roads? How do cities adapt to new challenges? This class will examine key aspects of urban development over the past three centuries. These will include 18th-century ideas of trade and ordering the landscape; 19th-century industrialization and the creation of new parks in cities; the role of commerce and transportation networks in shaping urban layout; the role of cars and other new technology in shaping building forms and urban expansion; and some of the challenges facing American cities today. We will discuss how each of these developments reflects larger social values, and how they have shaped experiences of urban life.&nbsp;<\/p>\n\n\n\n<hr class=\"wp-block-separator has-alpha-channel-opacity\" \/>\n\n\n\n<p><strong>FSEM 101-15 (CRN: 51515):&nbsp; &#8220;<strong>Military &amp; the Environment<\/strong>&#8220;<br>MWF 10:00-10:50<br>Professor Berry<br><br><kbd>*<\/kbd>Co-requisite: FSWI 101-15 (CRN: 51516) MWF 13:00-13:50 &#8211; Professor Plichta<\/strong><\/p>\n\n\n\n<p><strong>Description: <\/strong> The relationship between the military and the environment is unique. Rarely do humans intentionally cause complete and lasting destruction of the environment as they do during times of war. In this course, we will explore some of the environmental impacts of military actions and&nbsp;warfare, and&nbsp;examine alternatives.&nbsp;<\/p>\n\n\n\n<hr class=\"wp-block-separator has-alpha-channel-opacity\" \/>\n\n\n\n<p><strong>FSEM 101-16 (CRN: 51517):&nbsp; &#8220;<strong>Growth Mindset<\/strong>&#8220;<br>TR 09:30-10:45<br>Professor Jones<br><br><kbd>*<\/kbd>Co-requisite: FSWI 101-16 (CRN: 51518) TR 13:30-14:45 &#8211; Professor Frame<\/strong><\/p>\n\n\n\n<p><strong>Description: <\/strong> Can we increase our intelligence, abilities, and&nbsp;talents&nbsp;or are they&nbsp;determined&nbsp;at birth? Are our minds&nbsp;fixed&nbsp;or can we grow them? Did you know that we can build new neural pathways that will allow our brains to function in new ways? Come and explore how our brain is a muscle, like others in the human body. In this course, we will explore how our brains learn. We will come to see obstacles as challenges and mistakes as opportunities for growth. We will also develop our resiliency and grit. We will learn what a growth mindset is and how to cultivate it. We will apply the growth mindset as we increase our intelligence and talents in the areas of art, communication, math, and science. This course will help you&nbsp;to become&nbsp;a lifelong learner.&nbsp;<\/p>\n\n\n\n<hr class=\"wp-block-separator has-alpha-channel-opacity\" \/>\n\n\n\n<p><strong>FSEM 101-17 (CRN: 51519):&nbsp; &#8220;<strong>Growth Mindset<\/strong>&#8220;<br>TR 11:00-12:15<br>Professor Jones<br><br><kbd>*<\/kbd>Co-requisite: FSWI 101-17 (CRN: 51520) TR 15:00-16:15 &#8211; Professor Frame<\/strong><\/p>\n\n\n\n<p><strong>Description: <\/strong> Can we increase our intelligence, abilities, and&nbsp;talents&nbsp;or are they&nbsp;determined&nbsp;at birth? Are our minds&nbsp;fixed&nbsp;or can we grow them? Did you know that we can build new neural pathways that will allow our brains to function in new ways? Come and explore how our brain is a muscle, like others in the human body. In this course, we will explore how our brains learn. We will come to see obstacles as challenges and mistakes as opportunities for growth. We will also develop our resiliency and grit. We will learn what a growth mindset is and how to cultivate it. We will apply the growth mindset as we increase our intelligence and talents in the areas of art, communication, math, and science. This course will help you&nbsp;to become&nbsp;a lifelong learner.&nbsp;<\/p>\n\n\n\n<hr class=\"wp-block-separator has-alpha-channel-opacity\" \/>\n\n\n\n<p><strong>FSEM 101-18 (CRN: 51521):&nbsp; &#8220;<strong>Mixed Reality Education Games<\/strong>&#8220;<br>TR 09:30-10:45<br>Professor Annetta<br><br><kbd>*<\/kbd>Co-requisite: FSWI 101-18 (CRN: 51522) MWF 11:00-11:50 &#8211; Professor Booth<\/strong><\/p>\n\n\n\n<p><strong>Description: <\/strong> Students will both design and develop a Mixed Reality Serious Educational Game. Infusing mobile devices in the classroom is at the forefront of 21<sup>st<\/sup>&nbsp;century learning. In this class, students will play through a variety of Mixed Reality Serious Educational Games and create a game using a design document provided for you and the Adobe Aero software application found in the Adobe Creative Cloud suite.&nbsp;<\/p>\n\n\n\n<hr class=\"wp-block-separator has-alpha-channel-opacity\" \/>\n\n\n\n<p><strong>FSWI 101-21 (CRN: 51527):&nbsp; &#8220;<strong>Freshman Writing Seminar<\/strong>&#8220;<br>MWF 10:00-10:50<br>Professor Allen<br><\/strong><\/p>\n\n\n\n<p><strong>Description: <\/strong> <strong><mark class=\"has-inline-color has-citadel-blue-color\">This is an opportunity to retake FSWI for&nbsp;upperclassman<\/mark><\/strong>. It is being offered as a standalone 3 credit class as opposed to the typical linked course with FSEM.&nbsp;<\/p>\n\n\n\n<p><\/p>\n","protected":false},"excerpt":{"rendered":"<p>Fall 2026 Freshman Seminar Course Descriptions **The paired sections, 01-18 (FSEM\/FSWI), are intended for incoming freshman. FSEM 101-01 (CRN: 51487):&nbsp;\u201cEsports in Education&#8221;&nbsp; TR 13:30-14:45Professor Harrison *Co-requisite: FSWI 101-01 (CRN: 51488) MWF 10:00-10:50 &#8211; Professor Rink Description: This course examines the development, implementation, and leadership of scholastic esports programs within educational settings. Students will analyze esports [&hellip;]<\/p>\n","protected":false},"author":590,"featured_media":0,"parent":69,"menu_order":0,"comment_status":"closed","ping_status":"closed","template":"","meta":{"_coblocks_attr":"","_coblocks_dimensions":"","_coblocks_responsive_height":"","_coblocks_accordion_ie_support":"","footnotes":""},"class_list":["post-71","page","type-page","status-publish","hentry"],"yoast_head":"<!-- This site is optimized with the Yoast SEO Premium plugin v22.8 (Yoast SEO v27.4) - https:\/\/yoast.com\/product\/yoast-seo-premium-wordpress\/ -->\n<title>Freshman Seminar - Office of the Registrar<\/title>\n<meta name=\"description\" content=\"View the Spring 2022 Freshman Seminar Courses that are available at The Citadel and read their descriptions.\" \/>\n<meta name=\"robots\" content=\"index, follow, max-snippet:-1, max-image-preview:large, max-video-preview:-1\" \/>\n<link rel=\"canonical\" href=\"https:\/\/www.citadel.edu\/registrar\/general-education-courses\/freshman-seminar\/\" \/>\n<meta property=\"og:locale\" content=\"en_US\" \/>\n<meta property=\"og:type\" content=\"article\" \/>\n<meta property=\"og:title\" content=\"Freshman Seminar\" \/>\n<meta property=\"og:description\" content=\"View the Spring 2022 Freshman Seminar Courses that are available at The Citadel and read their descriptions.\" \/>\n<meta property=\"og:url\" content=\"https:\/\/www.citadel.edu\/registrar\/general-education-courses\/freshman-seminar\/\" \/>\n<meta property=\"og:site_name\" content=\"Office of the Registrar\" \/>\n<meta property=\"article:modified_time\" content=\"2026-04-10T19:58:49+00:00\" \/>\n<meta name=\"twitter:card\" content=\"summary_large_image\" \/>\n<meta name=\"twitter:label1\" content=\"Est. reading time\" \/>\n\t<meta name=\"twitter:data1\" content=\"10 minutes\" \/>\n<script type=\"application\/ld+json\" class=\"yoast-schema-graph\">{\"@context\":\"https:\\\/\\\/schema.org\",\"@graph\":[{\"@type\":\"WebPage\",\"@id\":\"https:\\\/\\\/www.citadel.edu\\\/registrar\\\/general-education-courses\\\/freshman-seminar\\\/\",\"url\":\"https:\\\/\\\/www.citadel.edu\\\/registrar\\\/general-education-courses\\\/freshman-seminar\\\/\",\"name\":\"Freshman Seminar - Office of the Registrar\",\"isPartOf\":{\"@id\":\"https:\\\/\\\/www.citadel.edu\\\/registrar\\\/#website\"},\"datePublished\":\"2022-09-19T17:56:29+00:00\",\"dateModified\":\"2026-04-10T19:58:49+00:00\",\"description\":\"View the Spring 2022 Freshman Seminar Courses that are available at The Citadel and read their descriptions.\",\"breadcrumb\":{\"@id\":\"https:\\\/\\\/www.citadel.edu\\\/registrar\\\/general-education-courses\\\/freshman-seminar\\\/#breadcrumb\"},\"inLanguage\":\"en-US\",\"potentialAction\":[{\"@type\":\"ReadAction\",\"target\":[\"https:\\\/\\\/www.citadel.edu\\\/registrar\\\/general-education-courses\\\/freshman-seminar\\\/\"]}]},{\"@type\":\"BreadcrumbList\",\"@id\":\"https:\\\/\\\/www.citadel.edu\\\/registrar\\\/general-education-courses\\\/freshman-seminar\\\/#breadcrumb\",\"itemListElement\":[{\"@type\":\"ListItem\",\"position\":1,\"name\":\"Home\",\"item\":\"https:\\\/\\\/www.citadel.edu\\\/registrar\\\/\"},{\"@type\":\"ListItem\",\"position\":2,\"name\":\"General Education Courses\",\"item\":\"https:\\\/\\\/www.citadel.edu\\\/registrar\\\/general-education-courses\\\/\"},{\"@type\":\"ListItem\",\"position\":3,\"name\":\"Freshman Seminar\"}]},{\"@type\":\"WebSite\",\"@id\":\"https:\\\/\\\/www.citadel.edu\\\/registrar\\\/#website\",\"url\":\"https:\\\/\\\/www.citadel.edu\\\/registrar\\\/\",\"name\":\"Office of the Registrar\",\"description\":\"\",\"potentialAction\":[{\"@type\":\"SearchAction\",\"target\":{\"@type\":\"EntryPoint\",\"urlTemplate\":\"https:\\\/\\\/www.citadel.edu\\\/registrar\\\/?s={search_term_string}\"},\"query-input\":{\"@type\":\"PropertyValueSpecification\",\"valueRequired\":true,\"valueName\":\"search_term_string\"}}],\"inLanguage\":\"en-US\"}]}<\/script>\n<!-- \/ Yoast SEO Premium plugin. -->","yoast_head_json":{"title":"Freshman Seminar - Office of the Registrar","description":"View the Spring 2022 Freshman Seminar Courses that are available at The Citadel and read their descriptions.","robots":{"index":"index","follow":"follow","max-snippet":"max-snippet:-1","max-image-preview":"max-image-preview:large","max-video-preview":"max-video-preview:-1"},"canonical":"https:\/\/www.citadel.edu\/registrar\/general-education-courses\/freshman-seminar\/","og_locale":"en_US","og_type":"article","og_title":"Freshman Seminar","og_description":"View the Spring 2022 Freshman Seminar Courses that are available at The Citadel and read their descriptions.","og_url":"https:\/\/www.citadel.edu\/registrar\/general-education-courses\/freshman-seminar\/","og_site_name":"Office of the Registrar","article_modified_time":"2026-04-10T19:58:49+00:00","twitter_card":"summary_large_image","twitter_misc":{"Est. reading time":"10 minutes"},"schema":{"@context":"https:\/\/schema.org","@graph":[{"@type":"WebPage","@id":"https:\/\/www.citadel.edu\/registrar\/general-education-courses\/freshman-seminar\/","url":"https:\/\/www.citadel.edu\/registrar\/general-education-courses\/freshman-seminar\/","name":"Freshman Seminar - Office of the Registrar","isPartOf":{"@id":"https:\/\/www.citadel.edu\/registrar\/#website"},"datePublished":"2022-09-19T17:56:29+00:00","dateModified":"2026-04-10T19:58:49+00:00","description":"View the Spring 2022 Freshman Seminar Courses that are available at The Citadel and read their descriptions.","breadcrumb":{"@id":"https:\/\/www.citadel.edu\/registrar\/general-education-courses\/freshman-seminar\/#breadcrumb"},"inLanguage":"en-US","potentialAction":[{"@type":"ReadAction","target":["https:\/\/www.citadel.edu\/registrar\/general-education-courses\/freshman-seminar\/"]}]},{"@type":"BreadcrumbList","@id":"https:\/\/www.citadel.edu\/registrar\/general-education-courses\/freshman-seminar\/#breadcrumb","itemListElement":[{"@type":"ListItem","position":1,"name":"Home","item":"https:\/\/www.citadel.edu\/registrar\/"},{"@type":"ListItem","position":2,"name":"General Education Courses","item":"https:\/\/www.citadel.edu\/registrar\/general-education-courses\/"},{"@type":"ListItem","position":3,"name":"Freshman Seminar"}]},{"@type":"WebSite","@id":"https:\/\/www.citadel.edu\/registrar\/#website","url":"https:\/\/www.citadel.edu\/registrar\/","name":"Office of the Registrar","description":"","potentialAction":[{"@type":"SearchAction","target":{"@type":"EntryPoint","urlTemplate":"https:\/\/www.citadel.edu\/registrar\/?s={search_term_string}"},"query-input":{"@type":"PropertyValueSpecification","valueRequired":true,"valueName":"search_term_string"}}],"inLanguage":"en-US"}]}},"_links":{"self":[{"href":"https:\/\/www.citadel.edu\/registrar\/wp-json\/wp\/v2\/pages\/71","targetHints":{"allow":["GET"]}}],"collection":[{"href":"https:\/\/www.citadel.edu\/registrar\/wp-json\/wp\/v2\/pages"}],"about":[{"href":"https:\/\/www.citadel.edu\/registrar\/wp-json\/wp\/v2\/types\/page"}],"author":[{"embeddable":true,"href":"https:\/\/www.citadel.edu\/registrar\/wp-json\/wp\/v2\/users\/590"}],"replies":[{"embeddable":true,"href":"https:\/\/www.citadel.edu\/registrar\/wp-json\/wp\/v2\/comments?post=71"}],"version-history":[{"count":149,"href":"https:\/\/www.citadel.edu\/registrar\/wp-json\/wp\/v2\/pages\/71\/revisions"}],"predecessor-version":[{"id":2155,"href":"https:\/\/www.citadel.edu\/registrar\/wp-json\/wp\/v2\/pages\/71\/revisions\/2155"}],"up":[{"embeddable":true,"href":"https:\/\/www.citadel.edu\/registrar\/wp-json\/wp\/v2\/pages\/69"}],"wp:attachment":[{"href":"https:\/\/www.citadel.edu\/registrar\/wp-json\/wp\/v2\/media?parent=71"}],"curies":[{"name":"wp","href":"https:\/\/api.w.org\/{rel}","templated":true}]}}