{"id":164,"date":"2022-09-20T12:34:14","date_gmt":"2022-09-20T16:34:14","guid":{"rendered":"https:\/\/www.citadel.edu\/mlng\/?page_id=164"},"modified":"2026-02-05T11:32:59","modified_gmt":"2026-02-05T16:32:59","slug":"el-cid","status":"publish","type":"page","link":"https:\/\/www.citadel.edu\/mlng\/el-cid\/","title":{"rendered":"El Cid Journal"},"content":{"rendered":"\n<div class=\"wp-block-columns is-layout-flex wp-container-core-columns-is-layout-9d6595d7 wp-block-columns-is-layout-flex\">\n<div class=\"wp-block-column is-layout-flow wp-block-column-is-layout-flow\" style=\"flex-basis:66.66%\">\n<h2 class=\"wp-block-heading\" id=\"h-the-national-collegiate-hispanic-honor-society\">The National Collegiate<br>Hispanic Honor Society<\/h2>\n\n\n\n<p>The Citadel&#8217;s Tau Iota Chapter of Sigma Delta Pi, the National Collegiate Hispanic Honor Society, invites graduate and undergraduate students to submit their original works in Spanish to be considered for publication in Spanish to be considered for publication in <em>El Cid<\/em>.<\/p>\n<\/div>\n\n\n\n<div class=\"wp-block-column is-layout-flow wp-block-column-is-layout-flow\" style=\"flex-basis:33.33%\">\n<figure class=\"wp-block-image size-large\"><img loading=\"lazy\" decoding=\"async\" width=\"1024\" height=\"666\" src=\"https:\/\/www.citadel.edu\/mlng\/wp-content\/uploads\/sites\/86\/Sigma-Delta-Pi-logo-2-1024x666.jpeg\" alt=\"sigma delta pi\" class=\"wp-image-174\" srcset=\"https:\/\/www.citadel.edu\/mlng\/wp-content\/uploads\/sites\/86\/Sigma-Delta-Pi-logo-2-1024x666.jpeg 1024w, https:\/\/www.citadel.edu\/mlng\/wp-content\/uploads\/sites\/86\/Sigma-Delta-Pi-logo-2-300x195.jpeg 300w, https:\/\/www.citadel.edu\/mlng\/wp-content\/uploads\/sites\/86\/Sigma-Delta-Pi-logo-2-768x499.jpeg 768w, https:\/\/www.citadel.edu\/mlng\/wp-content\/uploads\/sites\/86\/Sigma-Delta-Pi-logo-2.jpeg 1384w\" sizes=\"auto, (max-width: 1024px) 100vw, 1024px\" \/><\/figure>\n\n\n\n<div class=\"wp-block-buttons is-layout-flex wp-block-buttons-is-layout-flex\">\n<div class=\"wp-block-button has-custom-width wp-block-button__width-100\"><a class=\"wp-block-button__link wp-element-button\" href=\"https:\/\/www.citadel.edu\/elcid\/\">JOURNAL WEBSITE<\/a><\/div>\n<\/div>\n<\/div>\n<\/div>\n\n\n\n<h3 class=\"wp-block-heading\"><em><strong>El Cid<\/strong><\/em><\/h3>\n\n\n\n<p>The Cid is a journal devoted to the dissemination of critical and creative work in Spanish of graduate and undergraduate students. Students who wish to submit their work do not have to be members of Sigma Delta Pi. All literary genres are considered (critical essays, short stories, and poetry).<\/p>\n\n\n\n<h4 class=\"wp-block-heading\">Call for Submissions<\/h4>\n\n\n\n<p>The deadline for submissions for the next edition is <strong>April 1st, 2026.<\/strong><br>Submissions should be sent to: <a href=\"mailto:fernandezs@citadel.edu\">fernandezs@citadel.edu<\/a><\/p>\n\n\n\n<h4 class=\"wp-block-heading\">Criteria for submissions to <em>El Cid<\/em>:<\/h4>\n\n\n\n<p>Maximum of 5000 words.<\/p>\n\n\n\n<p>Works submitted to <em>El Cid<\/em> should not have been previously published nor be under consideration for publication elsewhere. <\/p>\n\n\n\n<p>Students may send multiple submissions, but only one will be published in a particular edition of the journal. <\/p>\n\n\n\n<p>All publications will be eligible for the <em>Ignacio R.M Galbis<\/em> literary prize for best original work. <\/p>\n\n\n\n<p>Essays should follow MLA style (9th ed.) and be submitted as Microsoft Word (.doc or .docx) files. <\/p>\n\n\n\n<p>Please state the title, the student\u2019s name, institutional affiliation, and email address on a separate page. No reference to the student\u2019s name should appear elsewhere in the manuscript.<\/p>\n\n\n\n<h4 class=\"wp-block-heading\">Editorial Board<\/h4>\n\n\n\n<p>Editors in Chief: Dr.Sabino Lu\u00e9vano-Ortega and Dr. Sara Fern\u00e1ndez-Medina, The Citadel<br>Esther Alarc\u00f3n Arana, Salve Regina University<br>Marta Boris Tarr\u00e9, University of Idaho<br>Germ\u00e1n D. Carrillo, Marquette University<br>David Faught, Angelo State University<br>Juan Sen\u00eds Fern\u00e1ndez, Universidad de Zaragoza<br>Ryan Spangler, Creighton University<br>Eloy Urroz, The Citadel<\/p>\n\n\n\n<div class=\"wp-block-columns is-layout-flex wp-container-core-columns-is-layout-9d6595d7 wp-block-columns-is-layout-flex\">\n<div class=\"wp-block-column is-layout-flow wp-block-column-is-layout-flow\" style=\"flex-basis:33.33%\">\n<figure class=\"wp-block-image size-full\"><img loading=\"lazy\" decoding=\"async\" width=\"533\" height=\"600\" src=\"https:\/\/www.citadel.edu\/mlng\/wp-content\/uploads\/sites\/86\/elcid.jpeg\" alt=\"current and previous editions\" class=\"wp-image-177\" srcset=\"https:\/\/www.citadel.edu\/mlng\/wp-content\/uploads\/sites\/86\/elcid.jpeg 533w, https:\/\/www.citadel.edu\/mlng\/wp-content\/uploads\/sites\/86\/elcid-267x300.jpeg 267w\" sizes=\"auto, (max-width: 533px) 100vw, 533px\" \/><\/figure>\n<\/div>\n\n\n\n<div class=\"wp-block-column is-layout-flow wp-block-column-is-layout-flow\" style=\"flex-basis:66.66%\">\n<h4 class=\"wp-block-heading has-text-align-center\" id=\"h-previous-editions\">Previous Editions<\/h4>\n\n\n\n<div class=\"wp-block-columns is-layout-flex wp-container-core-columns-is-layout-9d6595d7 wp-block-columns-is-layout-flex\">\n<div class=\"wp-block-column is-layout-flow wp-block-column-is-layout-flow\">\n<p class=\"has-text-align-center\"><a href=\"https:\/\/www.citadel.edu\/mlng\/wp-content\/uploads\/sites\/86\/El-Cid-XXXII.pdf\" target=\"_blank\" rel=\"noreferrer noopener\">2022<\/a><br><a href=\"https:\/\/www.citadel.edu\/mlng\/wp-content\/uploads\/sites\/86\/el_cid_journal_edition_2021.pdf\" target=\"_blank\" rel=\"noreferrer noopener\">2021<\/a><br><a href=\"https:\/\/www.citadel.edu\/mlng\/wp-content\/uploads\/sites\/86\/el_cid_2020_edition_xxx.pdf\" target=\"_blank\" rel=\"noreferrer noopener\">2020<\/a><br><a href=\"https:\/\/www.citadel.edu\/mlng\/wp-content\/uploads\/sites\/86\/el_cid_2019_version_final_web.pdf\" target=\"_blank\" rel=\"noreferrer noopener\">2019<\/a><br><a href=\"https:\/\/www.citadel.edu\/mlng\/wp-content\/uploads\/sites\/86\/el_cid_edition_2018.pdf\" target=\"_blank\" rel=\"noreferrer noopener\">2018<\/a><br><a href=\"https:\/\/www.citadel.edu\/mlng\/wp-content\/uploads\/sites\/86\/el-cid-2017.pdf\" target=\"_blank\" rel=\"noreferrer noopener\">2017<\/a><br><a href=\"https:\/\/www.citadel.edu\/mlng\/wp-content\/uploads\/sites\/86\/el-cid-2016_final-version.pdf\" target=\"_blank\" rel=\"noreferrer noopener\">2016<\/a><br><a href=\"https:\/\/www.citadel.edu\/mlng\/wp-content\/uploads\/sites\/86\/el-cid-2015.pdf\" target=\"_blank\" rel=\"noreferrer noopener\">2015<\/a><\/p>\n<\/div>\n\n\n\n<div class=\"wp-block-column is-layout-flow wp-block-column-is-layout-flow\">\n<p class=\"has-text-align-center\"><a href=\"https:\/\/www.citadel.edu\/mlng\/wp-content\/uploads\/sites\/86\/elcid2014.pdf\" target=\"_blank\" rel=\"noreferrer noopener\">2014<\/a><br><a href=\"https:\/\/www.citadel.edu\/mlng\/wp-content\/uploads\/sites\/86\/elcid_summer_2013.pdf\" target=\"_blank\" rel=\"noreferrer noopener\">2013<\/a><br><a href=\"https:\/\/www.citadel.edu\/mlng\/wp-content\/uploads\/sites\/86\/elcid2010.pdf\" target=\"_blank\" rel=\"noreferrer noopener\">2010<\/a><br><a href=\"https:\/\/www.citadel.edu\/mlng\/wp-content\/uploads\/sites\/86\/elcid2009.pdf\" target=\"_blank\" rel=\"noreferrer noopener\">2009<\/a><br><a href=\"https:\/\/www.citadel.edu\/mlng\/wp-content\/uploads\/sites\/86\/elcid2008.pdf\" target=\"_blank\" rel=\"noreferrer noopener\">2008<\/a><br><a href=\"https:\/\/www.citadel.edu\/mlng\/wp-content\/uploads\/sites\/86\/elcid2007.pdf\" target=\"_blank\" rel=\"noreferrer noopener\">2007<\/a><br><a href=\"https:\/\/www.citadel.edu\/mlng\/wp-content\/uploads\/sites\/86\/elcid2006.pdf\" target=\"_blank\" rel=\"noreferrer noopener\">2006<\/a><br><a href=\"https:\/\/www.citadel.edu\/mlng\/wp-content\/uploads\/sites\/86\/elcid2005.pdf\" target=\"_blank\" rel=\"noreferrer noopener\">2005<\/a><br><a href=\"https:\/\/www.citadel.edu\/mlng\/wp-content\/uploads\/sites\/86\/elcid2004.pdf\" target=\"_blank\" rel=\"noreferrer noopener\">2004<\/a><\/p>\n<\/div>\n<\/div>\n<\/div>\n<\/div>\n","protected":false},"excerpt":{"rendered":"<p>The National CollegiateHispanic Honor Society The Citadel&#8217;s Tau Iota Chapter of Sigma Delta Pi, the National Collegiate Hispanic Honor Society, invites graduate and undergraduate students to submit their original works in Spanish to be considered for publication in Spanish to be considered for publication in El Cid. El Cid The Cid is a journal devoted [&hellip;]<\/p>\n","protected":false},"author":94,"featured_media":0,"parent":0,"menu_order":0,"comment_status":"closed","ping_status":"closed","template":"","meta":{"_coblocks_attr":"","_coblocks_dimensions":"","_coblocks_responsive_height":"","_coblocks_accordion_ie_support":"","footnotes":""},"class_list":["post-164","page","type-page","status-publish","hentry"],"yoast_head":"<!-- This site is optimized with the Yoast SEO Premium plugin v22.8 (Yoast SEO v27.3) - https:\/\/yoast.com\/product\/yoast-seo-premium-wordpress\/ -->\n<title>El Cid Journal - Department of Modern Languages, Literatures, &amp; Cultures<\/title>\n<meta name=\"description\" content=\"The Citadel&#039;s Tau Iota Chapter of Sigma Delta Pi is the National Collegiate Hispanic Honor Society (Sociedad Nacional Honoraria Hispanica).\" \/>\n<meta name=\"robots\" content=\"index, follow, max-snippet:-1, max-image-preview:large, max-video-preview:-1\" \/>\n<link rel=\"canonical\" href=\"https:\/\/www.citadel.edu\/mlng\/el-cid\/\" \/>\n<meta property=\"og:locale\" content=\"en_US\" \/>\n<meta property=\"og:type\" content=\"article\" \/>\n<meta property=\"og:title\" content=\"El Cid Journal\" \/>\n<meta property=\"og:description\" content=\"The Citadel&#039;s Tau Iota Chapter of Sigma Delta Pi is the National Collegiate Hispanic Honor Society (Sociedad Nacional Honoraria Hispanica).\" \/>\n<meta property=\"og:url\" content=\"https:\/\/www.citadel.edu\/mlng\/el-cid\/\" \/>\n<meta property=\"og:site_name\" content=\"Department of Modern Languages, Literatures, &amp; Cultures\" \/>\n<meta property=\"article:modified_time\" content=\"2026-02-05T16:32:59+00:00\" \/>\n<meta property=\"og:image\" content=\"https:\/\/www.citadel.edu\/mlng\/wp-content\/uploads\/sites\/86\/Sigma-Delta-Pi-logo-2.jpeg\" \/>\n\t<meta property=\"og:image:width\" content=\"1384\" \/>\n\t<meta property=\"og:image:height\" content=\"900\" \/>\n\t<meta property=\"og:image:type\" content=\"image\/jpeg\" \/>\n<meta name=\"twitter:card\" content=\"summary_large_image\" \/>\n<meta name=\"twitter:label1\" content=\"Est. reading time\" \/>\n\t<meta name=\"twitter:data1\" content=\"2 minutes\" \/>\n<script type=\"application\/ld+json\" class=\"yoast-schema-graph\">{\"@context\":\"https:\\\/\\\/schema.org\",\"@graph\":[{\"@type\":\"WebPage\",\"@id\":\"https:\\\/\\\/www.citadel.edu\\\/mlng\\\/el-cid\\\/\",\"url\":\"https:\\\/\\\/www.citadel.edu\\\/mlng\\\/el-cid\\\/\",\"name\":\"El Cid Journal - Department of Modern Languages, Literatures, & Cultures\",\"isPartOf\":{\"@id\":\"https:\\\/\\\/www.citadel.edu\\\/mlng\\\/#website\"},\"primaryImageOfPage\":{\"@id\":\"https:\\\/\\\/www.citadel.edu\\\/mlng\\\/el-cid\\\/#primaryimage\"},\"image\":{\"@id\":\"https:\\\/\\\/www.citadel.edu\\\/mlng\\\/el-cid\\\/#primaryimage\"},\"thumbnailUrl\":\"https:\\\/\\\/www.citadel.edu\\\/mlng\\\/wp-content\\\/uploads\\\/sites\\\/86\\\/Sigma-Delta-Pi-logo-2-1024x666.jpeg\",\"datePublished\":\"2022-09-20T16:34:14+00:00\",\"dateModified\":\"2026-02-05T16:32:59+00:00\",\"description\":\"The Citadel's Tau Iota Chapter of Sigma Delta Pi is the National Collegiate Hispanic Honor Society (Sociedad Nacional Honoraria Hispanica).\",\"breadcrumb\":{\"@id\":\"https:\\\/\\\/www.citadel.edu\\\/mlng\\\/el-cid\\\/#breadcrumb\"},\"inLanguage\":\"en-US\",\"potentialAction\":[{\"@type\":\"ReadAction\",\"target\":[\"https:\\\/\\\/www.citadel.edu\\\/mlng\\\/el-cid\\\/\"]}]},{\"@type\":\"ImageObject\",\"inLanguage\":\"en-US\",\"@id\":\"https:\\\/\\\/www.citadel.edu\\\/mlng\\\/el-cid\\\/#primaryimage\",\"url\":\"https:\\\/\\\/www.citadel.edu\\\/mlng\\\/wp-content\\\/uploads\\\/sites\\\/86\\\/Sigma-Delta-Pi-logo-2.jpeg\",\"contentUrl\":\"https:\\\/\\\/www.citadel.edu\\\/mlng\\\/wp-content\\\/uploads\\\/sites\\\/86\\\/Sigma-Delta-Pi-logo-2.jpeg\",\"width\":1384,\"height\":900},{\"@type\":\"BreadcrumbList\",\"@id\":\"https:\\\/\\\/www.citadel.edu\\\/mlng\\\/el-cid\\\/#breadcrumb\",\"itemListElement\":[{\"@type\":\"ListItem\",\"position\":1,\"name\":\"Home\",\"item\":\"https:\\\/\\\/www.citadel.edu\\\/mlng\\\/\"},{\"@type\":\"ListItem\",\"position\":2,\"name\":\"El Cid Journal\"}]},{\"@type\":\"WebSite\",\"@id\":\"https:\\\/\\\/www.citadel.edu\\\/mlng\\\/#website\",\"url\":\"https:\\\/\\\/www.citadel.edu\\\/mlng\\\/\",\"name\":\"Department of Modern Languages, Literatures, & Cultures\",\"description\":\"\",\"potentialAction\":[{\"@type\":\"SearchAction\",\"target\":{\"@type\":\"EntryPoint\",\"urlTemplate\":\"https:\\\/\\\/www.citadel.edu\\\/mlng\\\/?s={search_term_string}\"},\"query-input\":{\"@type\":\"PropertyValueSpecification\",\"valueRequired\":true,\"valueName\":\"search_term_string\"}}],\"inLanguage\":\"en-US\"}]}<\/script>\n<!-- \/ Yoast SEO Premium plugin. -->","yoast_head_json":{"title":"El Cid Journal - Department of Modern Languages, Literatures, & Cultures","description":"The Citadel's Tau Iota Chapter of Sigma Delta Pi is the National Collegiate Hispanic Honor Society (Sociedad Nacional Honoraria Hispanica).","robots":{"index":"index","follow":"follow","max-snippet":"max-snippet:-1","max-image-preview":"max-image-preview:large","max-video-preview":"max-video-preview:-1"},"canonical":"https:\/\/www.citadel.edu\/mlng\/el-cid\/","og_locale":"en_US","og_type":"article","og_title":"El Cid Journal","og_description":"The Citadel's Tau Iota Chapter of Sigma Delta Pi is the National Collegiate Hispanic Honor Society (Sociedad Nacional Honoraria Hispanica).","og_url":"https:\/\/www.citadel.edu\/mlng\/el-cid\/","og_site_name":"Department of Modern Languages, Literatures, & Cultures","article_modified_time":"2026-02-05T16:32:59+00:00","og_image":[{"width":1384,"height":900,"url":"https:\/\/www.citadel.edu\/mlng\/wp-content\/uploads\/sites\/86\/Sigma-Delta-Pi-logo-2.jpeg","type":"image\/jpeg"}],"twitter_card":"summary_large_image","twitter_misc":{"Est. reading time":"2 minutes"},"schema":{"@context":"https:\/\/schema.org","@graph":[{"@type":"WebPage","@id":"https:\/\/www.citadel.edu\/mlng\/el-cid\/","url":"https:\/\/www.citadel.edu\/mlng\/el-cid\/","name":"El Cid Journal - Department of Modern Languages, Literatures, & Cultures","isPartOf":{"@id":"https:\/\/www.citadel.edu\/mlng\/#website"},"primaryImageOfPage":{"@id":"https:\/\/www.citadel.edu\/mlng\/el-cid\/#primaryimage"},"image":{"@id":"https:\/\/www.citadel.edu\/mlng\/el-cid\/#primaryimage"},"thumbnailUrl":"https:\/\/www.citadel.edu\/mlng\/wp-content\/uploads\/sites\/86\/Sigma-Delta-Pi-logo-2-1024x666.jpeg","datePublished":"2022-09-20T16:34:14+00:00","dateModified":"2026-02-05T16:32:59+00:00","description":"The Citadel's Tau Iota Chapter of Sigma Delta Pi is the National Collegiate Hispanic Honor Society (Sociedad Nacional Honoraria Hispanica).","breadcrumb":{"@id":"https:\/\/www.citadel.edu\/mlng\/el-cid\/#breadcrumb"},"inLanguage":"en-US","potentialAction":[{"@type":"ReadAction","target":["https:\/\/www.citadel.edu\/mlng\/el-cid\/"]}]},{"@type":"ImageObject","inLanguage":"en-US","@id":"https:\/\/www.citadel.edu\/mlng\/el-cid\/#primaryimage","url":"https:\/\/www.citadel.edu\/mlng\/wp-content\/uploads\/sites\/86\/Sigma-Delta-Pi-logo-2.jpeg","contentUrl":"https:\/\/www.citadel.edu\/mlng\/wp-content\/uploads\/sites\/86\/Sigma-Delta-Pi-logo-2.jpeg","width":1384,"height":900},{"@type":"BreadcrumbList","@id":"https:\/\/www.citadel.edu\/mlng\/el-cid\/#breadcrumb","itemListElement":[{"@type":"ListItem","position":1,"name":"Home","item":"https:\/\/www.citadel.edu\/mlng\/"},{"@type":"ListItem","position":2,"name":"El Cid Journal"}]},{"@type":"WebSite","@id":"https:\/\/www.citadel.edu\/mlng\/#website","url":"https:\/\/www.citadel.edu\/mlng\/","name":"Department of Modern Languages, Literatures, & Cultures","description":"","potentialAction":[{"@type":"SearchAction","target":{"@type":"EntryPoint","urlTemplate":"https:\/\/www.citadel.edu\/mlng\/?s={search_term_string}"},"query-input":{"@type":"PropertyValueSpecification","valueRequired":true,"valueName":"search_term_string"}}],"inLanguage":"en-US"}]}},"_links":{"self":[{"href":"https:\/\/www.citadel.edu\/mlng\/wp-json\/wp\/v2\/pages\/164","targetHints":{"allow":["GET"]}}],"collection":[{"href":"https:\/\/www.citadel.edu\/mlng\/wp-json\/wp\/v2\/pages"}],"about":[{"href":"https:\/\/www.citadel.edu\/mlng\/wp-json\/wp\/v2\/types\/page"}],"author":[{"embeddable":true,"href":"https:\/\/www.citadel.edu\/mlng\/wp-json\/wp\/v2\/users\/94"}],"replies":[{"embeddable":true,"href":"https:\/\/www.citadel.edu\/mlng\/wp-json\/wp\/v2\/comments?post=164"}],"version-history":[{"count":23,"href":"https:\/\/www.citadel.edu\/mlng\/wp-json\/wp\/v2\/pages\/164\/revisions"}],"predecessor-version":[{"id":441,"href":"https:\/\/www.citadel.edu\/mlng\/wp-json\/wp\/v2\/pages\/164\/revisions\/441"}],"wp:attachment":[{"href":"https:\/\/www.citadel.edu\/mlng\/wp-json\/wp\/v2\/media?parent=164"}],"curies":[{"name":"wp","href":"https:\/\/api.w.org\/{rel}","templated":true}]}}