{"id":299,"date":"2023-03-17T14:39:11","date_gmt":"2023-03-17T14:39:11","guid":{"rendered":"https:\/\/www.citadel.edu\/miss\/?page_id=299"},"modified":"2023-12-11T21:03:36","modified_gmt":"2023-12-11T21:03:36","slug":"student-resources","status":"publish","type":"page","link":"https:\/\/www.citadel.edu\/miss\/student-resources\/","title":{"rendered":"Student Resources"},"content":{"rendered":"\n<h2 class=\"wp-block-heading\" id=\"h-campus-and-community-resources\">Campus and Community Resources<\/h2>\n\n\n\n<p>Leaving home for the first time can present unique cultural challenges. To help make your transition to The Citadel and Charleston area smoother, we&#8217;ve provided a list of campus and community resources we hope will make your adjustment to college life easier. <\/p>\n\n\n\n<div class=\"wp-block-coblocks-accordion\">\n<div class=\"wp-block-coblocks-accordion-item\"><details><summary class=\"wp-block-coblocks-accordion-item__title\"><strong><strong>Latino<\/strong> <strong>Faculty &amp; Staff <\/strong><\/strong><\/summary><div class=\"wp-block-coblocks-accordion-item__content\">\n<figure class=\"wp-block-table\"><table><tbody><tr><td><strong>Staff\/Faculty<\/strong><\/td><td><strong>Phone<\/strong><\/td><td><strong>Email<\/strong><\/td><td><strong>School\/Department<\/strong><\/td><\/tr><tr><td>Dr. Jhoanna Mendez<\/td><td>843.953.4497<\/td><td>jmendez@citadel.edu<\/td><td>Humanities &amp; Social Sciences<\/td><\/tr><tr><td>Dr. Beatrice Frask-Ramos<\/td><td><\/td><td><a href=\"mailto:bfraska@citadel.edu\">bfraska@citadel.edu&nbsp;<\/a><\/td><td>Modern Languages, Literatures, &amp; Cultures<\/td><\/tr><tr><td>Dr. Bego\u00f1a Vilouta-V\u00e1zquez<\/td><td>843.953.3138<\/td><td><a href=\"mailto:bvilouta@citadel.edu\">bvilouta@citadel.edu&nbsp;<\/a><\/td><td>Modern Languages, Literatures, &amp; Cultures<\/td><\/tr><tr><td>Dr. Eloy Urroz<\/td><td>843.953.5065<\/td><td><a href=\"mailto:eloy.urroz@citadel.edu\">eloy.urroz@citadel.edu<\/a><\/td><td>Modern Languages, Literatures, &amp; Cultures<\/td><\/tr><tr><td>Dr. Lauren Hernandez-Rubio<\/td><td>843.953.1503<\/td><td><a href=\"mailto:lsenn@citadel.edu\">lsenn@citadel.edu<\/a><\/td><td>Biology&nbsp;<\/td><\/tr><tr><td>Dr. Mar\u00eda Jos\u00e9 Hell\u00edn Garc\u00eda<\/td><td>843.953.6815<\/td><td><a href=\"mailto:mhelling@citadel.edu\">mhelling@citadel.edu<\/a><\/td><td>Modern Languages, Literatures, &amp; Cultures<\/td><\/tr><tr><td>Dr. Sara Fernandez Medina&nbsp;<\/td><td>843.953.5065<\/td><td><a href=\"mailto:fernandezs@citadel.edu\">fernandezs@citadel.edu&nbsp;<\/a><\/td><td>Modern Languages, Literatures, &amp; Cultures<\/td><\/tr><tr><td>Dr. Silvia Roca-Martinez<\/td><td>843.953.6811<\/td><td><a href=\"mailto:srocamar@citadel.edu\">srocamar@citadel.edu<\/a><\/td><td>Modern Languages, Literatures, &amp; Cultures<\/td><\/tr><tr><td>Glorimar Blanco<\/td><td>843.953.2066<\/td><td><a href=\"mailto:gblanco@citadel.edu\">gblanco@citadel.edu<\/a><\/td><td>Modern Languages, Literatures, &amp; Cultures<\/td><\/tr><tr><td>Jordana Navarro&nbsp;<\/td><td>843.953.1122<\/td><td><a href=\"mailto:jnavarr1@citadel.edu\">jnavarr1@citadel.edu&nbsp;<\/a><\/td><td>Criminal Justice<\/td><\/tr><tr><td>Dr. Rigoberto Florez<\/td><td>843.953-5034<\/td><td><a href=\"mailto:rflorez1@citadel.edu\">rflorez1@citadel.edu<\/a><\/td><td>Pre-Health<\/td><\/tr><\/tbody><\/table><figcaption class=\"wp-element-caption\"><strong>Additional names can be added upon request to kgaillia@citadel.<\/strong><\/figcaption><\/figure>\n<\/div><\/details><\/div>\n<\/div>\n\n\n\n<div class=\"wp-block-coblocks-accordion\">\n<div class=\"wp-block-coblocks-accordion-item\"><details><summary class=\"wp-block-coblocks-accordion-item__title\"><strong>African American Faculty &amp; Staff<\/strong><\/summary><div class=\"wp-block-coblocks-accordion-item__content\">\n<p>Coming soon!<\/p>\n<\/div><\/details><\/div>\n<\/div>\n","protected":false},"excerpt":{"rendered":"<p>Campus and Community Resources Leaving home for the first time can present unique cultural challenges. To help make your transition to The Citadel and Charleston area smoother, we&#8217;ve provided a list of campus and community resources we hope will make your adjustment to college life easier.<\/p>\n","protected":false},"author":556,"featured_media":0,"parent":0,"menu_order":0,"comment_status":"closed","ping_status":"closed","template":"","meta":{"_coblocks_attr":"","_coblocks_dimensions":"","_coblocks_responsive_height":"","_coblocks_accordion_ie_support":"","footnotes":""},"class_list":["post-299","page","type-page","status-publish","hentry"],"yoast_head":"<!-- This site is optimized with the Yoast SEO Premium plugin v22.8 (Yoast SEO v27.3) - https:\/\/yoast.com\/product\/yoast-seo-premium-wordpress\/ -->\n<title>Student Resources - Office of Multicultural Student Services<\/title>\n<meta name=\"description\" content=\"We&#039;ve provided a list of campus and community resources we hope will make your adjustment to college life easier.\" \/>\n<meta name=\"robots\" content=\"index, follow, max-snippet:-1, max-image-preview:large, max-video-preview:-1\" \/>\n<link rel=\"canonical\" href=\"https:\/\/www.citadel.edu\/miss\/student-resources\/\" \/>\n<meta property=\"og:locale\" content=\"en_US\" \/>\n<meta property=\"og:type\" content=\"article\" \/>\n<meta property=\"og:title\" content=\"Student Resources\" \/>\n<meta property=\"og:description\" content=\"We&#039;ve provided a list of campus and community resources we hope will make your adjustment to college life easier.\" \/>\n<meta property=\"og:url\" content=\"https:\/\/www.citadel.edu\/miss\/student-resources\/\" \/>\n<meta property=\"og:site_name\" content=\"Office of Multicultural Student Services\" \/>\n<meta property=\"article:modified_time\" content=\"2023-12-11T21:03:36+00:00\" \/>\n<meta name=\"twitter:card\" content=\"summary_large_image\" \/>\n<meta name=\"twitter:label1\" content=\"Est. reading time\" \/>\n\t<meta name=\"twitter:data1\" content=\"1 minute\" \/>\n<script type=\"application\/ld+json\" class=\"yoast-schema-graph\">{\"@context\":\"https:\\\/\\\/schema.org\",\"@graph\":[{\"@type\":\"WebPage\",\"@id\":\"https:\\\/\\\/www.citadel.edu\\\/miss\\\/student-resources\\\/\",\"url\":\"https:\\\/\\\/www.citadel.edu\\\/miss\\\/student-resources\\\/\",\"name\":\"Student Resources - Office of Multicultural Student Services\",\"isPartOf\":{\"@id\":\"https:\\\/\\\/www.citadel.edu\\\/miss\\\/#website\"},\"datePublished\":\"2023-03-17T14:39:11+00:00\",\"dateModified\":\"2023-12-11T21:03:36+00:00\",\"description\":\"We've provided a list of campus and community resources we hope will make your adjustment to college life easier.\",\"breadcrumb\":{\"@id\":\"https:\\\/\\\/www.citadel.edu\\\/miss\\\/student-resources\\\/#breadcrumb\"},\"inLanguage\":\"en-US\",\"potentialAction\":[{\"@type\":\"ReadAction\",\"target\":[\"https:\\\/\\\/www.citadel.edu\\\/miss\\\/student-resources\\\/\"]}]},{\"@type\":\"BreadcrumbList\",\"@id\":\"https:\\\/\\\/www.citadel.edu\\\/miss\\\/student-resources\\\/#breadcrumb\",\"itemListElement\":[{\"@type\":\"ListItem\",\"position\":1,\"name\":\"Home\",\"item\":\"https:\\\/\\\/www.citadel.edu\\\/miss\\\/\"},{\"@type\":\"ListItem\",\"position\":2,\"name\":\"Student Resources\"}]},{\"@type\":\"WebSite\",\"@id\":\"https:\\\/\\\/www.citadel.edu\\\/miss\\\/#website\",\"url\":\"https:\\\/\\\/www.citadel.edu\\\/miss\\\/\",\"name\":\"Office of Multicultural Student Services\",\"description\":\"\",\"potentialAction\":[{\"@type\":\"SearchAction\",\"target\":{\"@type\":\"EntryPoint\",\"urlTemplate\":\"https:\\\/\\\/www.citadel.edu\\\/miss\\\/?s={search_term_string}\"},\"query-input\":{\"@type\":\"PropertyValueSpecification\",\"valueRequired\":true,\"valueName\":\"search_term_string\"}}],\"inLanguage\":\"en-US\"}]}<\/script>\n<!-- \/ Yoast SEO Premium plugin. -->","yoast_head_json":{"title":"Student Resources - Office of Multicultural Student Services","description":"We've provided a list of campus and community resources we hope will make your adjustment to college life easier.","robots":{"index":"index","follow":"follow","max-snippet":"max-snippet:-1","max-image-preview":"max-image-preview:large","max-video-preview":"max-video-preview:-1"},"canonical":"https:\/\/www.citadel.edu\/miss\/student-resources\/","og_locale":"en_US","og_type":"article","og_title":"Student Resources","og_description":"We've provided a list of campus and community resources we hope will make your adjustment to college life easier.","og_url":"https:\/\/www.citadel.edu\/miss\/student-resources\/","og_site_name":"Office of Multicultural Student Services","article_modified_time":"2023-12-11T21:03:36+00:00","twitter_card":"summary_large_image","twitter_misc":{"Est. reading time":"1 minute"},"schema":{"@context":"https:\/\/schema.org","@graph":[{"@type":"WebPage","@id":"https:\/\/www.citadel.edu\/miss\/student-resources\/","url":"https:\/\/www.citadel.edu\/miss\/student-resources\/","name":"Student Resources - Office of Multicultural Student Services","isPartOf":{"@id":"https:\/\/www.citadel.edu\/miss\/#website"},"datePublished":"2023-03-17T14:39:11+00:00","dateModified":"2023-12-11T21:03:36+00:00","description":"We've provided a list of campus and community resources we hope will make your adjustment to college life easier.","breadcrumb":{"@id":"https:\/\/www.citadel.edu\/miss\/student-resources\/#breadcrumb"},"inLanguage":"en-US","potentialAction":[{"@type":"ReadAction","target":["https:\/\/www.citadel.edu\/miss\/student-resources\/"]}]},{"@type":"BreadcrumbList","@id":"https:\/\/www.citadel.edu\/miss\/student-resources\/#breadcrumb","itemListElement":[{"@type":"ListItem","position":1,"name":"Home","item":"https:\/\/www.citadel.edu\/miss\/"},{"@type":"ListItem","position":2,"name":"Student Resources"}]},{"@type":"WebSite","@id":"https:\/\/www.citadel.edu\/miss\/#website","url":"https:\/\/www.citadel.edu\/miss\/","name":"Office of Multicultural Student Services","description":"","potentialAction":[{"@type":"SearchAction","target":{"@type":"EntryPoint","urlTemplate":"https:\/\/www.citadel.edu\/miss\/?s={search_term_string}"},"query-input":{"@type":"PropertyValueSpecification","valueRequired":true,"valueName":"search_term_string"}}],"inLanguage":"en-US"}]}},"_links":{"self":[{"href":"https:\/\/www.citadel.edu\/miss\/wp-json\/wp\/v2\/pages\/299","targetHints":{"allow":["GET"]}}],"collection":[{"href":"https:\/\/www.citadel.edu\/miss\/wp-json\/wp\/v2\/pages"}],"about":[{"href":"https:\/\/www.citadel.edu\/miss\/wp-json\/wp\/v2\/types\/page"}],"author":[{"embeddable":true,"href":"https:\/\/www.citadel.edu\/miss\/wp-json\/wp\/v2\/users\/556"}],"replies":[{"embeddable":true,"href":"https:\/\/www.citadel.edu\/miss\/wp-json\/wp\/v2\/comments?post=299"}],"version-history":[{"count":11,"href":"https:\/\/www.citadel.edu\/miss\/wp-json\/wp\/v2\/pages\/299\/revisions"}],"predecessor-version":[{"id":390,"href":"https:\/\/www.citadel.edu\/miss\/wp-json\/wp\/v2\/pages\/299\/revisions\/390"}],"wp:attachment":[{"href":"https:\/\/www.citadel.edu\/miss\/wp-json\/wp\/v2\/media?parent=299"}],"curies":[{"name":"wp","href":"https:\/\/api.w.org\/{rel}","templated":true}]}}