{"id":347,"date":"2025-06-05T13:51:59","date_gmt":"2025-06-05T17:51:59","guid":{"rendered":"https:\/\/www.citadel.edu\/elcid\/?page_id=347"},"modified":"2025-06-09T16:22:05","modified_gmt":"2025-06-09T20:22:05","slug":"edition-2025","status":"publish","type":"page","link":"https:\/\/www.citadel.edu\/elcid\/edition-2025\/","title":{"rendered":"Edition 2025"},"content":{"rendered":"\n<h2 class=\"wp-block-heading\" id=\"h-ensayos\">Ensayos<\/h2>\n\n\n\n<p><a href=\"https:\/\/www.citadel.edu\/elcid\/2025\/06\/miedos-femeninos-el-cuento-fantastico-como-mecanismo-de-rechazo-hacia-la-mujer-superficial-en-cuca-de-alfonsina-storni\/\"><strong>Miedos femeninos: el cuento fant\u00e1stico como mecanismo de rechazo hacia \u201cla mujer superficial\u201d en \u201cCuca\u201d de Alfonsina Storni<\/strong>.<\/a><br>Nicole Camilliere, University of Miami<br>2025 Ignacio R. M. Galbis Award<\/p>\n\n\n\n<p><a href=\"https:\/\/www.citadel.edu\/elcid\/2025\/06\/la-construccion-de-la-masculinidad-y-el-honor-en-la-espana-del-siglo-xvii\/\"><strong>La construcci\u00f3n de la masculinidad y el honor en la Espa\u00f1a del siglo XVII<\/strong>.<\/a><br>Cristina G\u00f3mez S\u00e1nchez, The University of Alabama<\/p>\n\n\n\n<p><strong><a href=\"https:\/\/www.citadel.edu\/elcid\/2025\/06\/una-sensacion-de-hombre-el-monstruo-lesbico-en-ellas-y-ellos-o-ellos-y-ellas-de-carmen-de-burgos\/\">\u201cUna sensaci\u00f3n de hombre\u201d: El monstruo l\u00e9sbico en \u201cEllas y ellos \u00f3 ellos y ellas\u201d de Carmen de Burgos<\/a><\/strong><br>Maddie Kysilko, The College of William and Mary<\/p>\n\n\n\n<p><strong><a href=\"https:\/\/www.citadel.edu\/elcid\/2025\/06\/psychological-disturbances-found-in-don-quijote-de-la-mancha\/\">Psychological Disturbances Found in Don Quijote de la Mancha.<\/a><\/strong><br>Michele Mileusnich, Florida International University<\/p>\n\n\n\n<p><a href=\"https:\/\/www.citadel.edu\/elcid\/2025\/06\/mas-alla-de-la-conveniencia-social-en-la-vida-de-lazarillo-de-tormes-y-de-sus-fortunas-y-adversidades\/\"><strong>M\u00e1s all\u00e1 de la conveniencia social en <em>La vida de Lazarillo de Tormes y de sus fortunas y <\/em>adversidades<\/strong>.<\/a><br>Daniel L\u00f3pez Burg\u00f3n, The University of Alabama<\/p>\n\n\n\n<p><a href=\"https:\/\/www.citadel.edu\/elcid\/2025\/06\/el-ingenio-de-don-quijote-ante-el-del-clerigo-en-la-primera-parte-del-quijote\/\"><strong>El ingenio de Don Quijote ante el del cl\u00e9rigo en la primera parte del Quijote<\/strong>.<\/a><br>Merci Silva-Acosta, University of Nevada, Las Vegas<\/p>\n\n\n\n<p><a href=\"https:\/\/www.citadel.edu\/elcid\/2025\/06\/la-madre-en-la-poetica-de-vallejo-pachamama-virgen-y-dona-maria-de-los-santos\/\"><strong>La madre en la po\u00e9tica de Vallejo: Pachamama, virgen y do\u00f1a Mar\u00eda de los Santos<\/strong>.<\/a><br>Marisabel Villarroel, Florida International University<\/p>\n\n\n\n<p><strong><a href=\"https:\/\/www.citadel.edu\/elcid\/2025\/06\/el-uso-de-la-produccion-cultural-para-complementar-la-historia-de-la-guerra-civil-espanola\/\">El uso de la producci\u00f3n cultural para complementar la historia de la Guerra Civil espa\u00f1ola.<\/a><\/strong><br>Samantha M Cruz, Boston College<\/p>\n\n\n\n<p><a href=\"https:\/\/www.citadel.edu\/elcid\/2025\/06\/la-nueva-mestiza-una-lectura-interseccional\/\"><strong>La nueva mestiza: una lectura interseccional<\/strong>.<\/a><br>M\u00f3nica Rozo Vargas, Florida State University<\/p>\n\n\n\n<h2 class=\"wp-block-heading\" id=\"h-fotografias\">Fotograf\u00edas<\/h2>\n\n\n\n<p><strong><a href=\"https:\/\/www.citadel.edu\/elcid\/2025\/06\/pura-historia-de-puerto-rico\/\">Pura Historia de Puerto Rico<\/a><\/strong><br>Carmen Ponce,<strong> <\/strong>The Citadel<br>Finalist: Photo Contest The World Under Citadel Eyes (2025)<\/p>\n\n\n\n<p><strong><a href=\"https:\/\/www.citadel.edu\/elcid\/2025\/06\/cuba-libre\/\">Cuba Libre<\/a><\/strong><br>Jack Hibbits,<strong> <\/strong>The Citadel<br>Semifinalist: Photo Contest The World Under Citadel Eyes (2025)<\/p>\n\n\n\n<p><strong><a href=\"https:\/\/www.citadel.edu\/elcid\/2025\/06\/iceland-ice-cave\/\">Iceland Ice Cave<\/a><\/strong><br>Zih-Syun, Fu, The Citadel<br>Semifinalist: Photo Contest The World Under Citadel Eyes (2025)<\/p>\n","protected":false},"excerpt":{"rendered":"<p>Ensayos Miedos femeninos: el cuento fant\u00e1stico como mecanismo de rechazo hacia \u201cla mujer superficial\u201d en \u201cCuca\u201d de Alfonsina Storni.Nicole Camilliere, University of Miami2025 Ignacio R. M. Galbis Award La construcci\u00f3n de la masculinidad y el honor en la Espa\u00f1a del siglo XVII.Cristina G\u00f3mez S\u00e1nchez, The University of Alabama \u201cUna sensaci\u00f3n de hombre\u201d: El monstruo l\u00e9sbico [&hellip;]<\/p>\n","protected":false},"author":694,"featured_media":0,"parent":0,"menu_order":0,"comment_status":"closed","ping_status":"closed","template":"","meta":{"_coblocks_attr":"","_coblocks_dimensions":"","_coblocks_responsive_height":"","_coblocks_accordion_ie_support":"","footnotes":""},"class_list":["post-347","page","type-page","status-publish","hentry"],"yoast_head":"<!-- This site is optimized with the Yoast SEO Premium plugin v22.8 (Yoast SEO v27.3) - https:\/\/yoast.com\/product\/yoast-seo-premium-wordpress\/ -->\n<title>Edition 2025 - El Cid Journal<\/title>\n<meta name=\"robots\" content=\"index, follow, max-snippet:-1, max-image-preview:large, max-video-preview:-1\" \/>\n<link rel=\"canonical\" href=\"https:\/\/www.citadel.edu\/elcid\/edition-2025\/\" \/>\n<meta property=\"og:locale\" content=\"en_US\" \/>\n<meta property=\"og:type\" content=\"article\" \/>\n<meta property=\"og:title\" content=\"Edition 2025\" \/>\n<meta property=\"og:description\" content=\"Ensayos Miedos femeninos: el cuento fant\u00e1stico como mecanismo de rechazo hacia \u201cla mujer superficial\u201d en \u201cCuca\u201d de Alfonsina Storni.Nicole Camilliere, University of Miami2025 Ignacio R. M. Galbis Award La construcci\u00f3n de la masculinidad y el honor en la Espa\u00f1a del siglo XVII.Cristina G\u00f3mez S\u00e1nchez, The University of Alabama \u201cUna sensaci\u00f3n de hombre\u201d: El monstruo l\u00e9sbico [&hellip;]\" \/>\n<meta property=\"og:url\" content=\"https:\/\/www.citadel.edu\/elcid\/edition-2025\/\" \/>\n<meta property=\"og:site_name\" content=\"El Cid Journal\" \/>\n<meta property=\"article:modified_time\" content=\"2025-06-09T20:22:05+00:00\" \/>\n<meta name=\"twitter:card\" content=\"summary_large_image\" \/>\n<meta name=\"twitter:label1\" content=\"Est. reading time\" \/>\n\t<meta name=\"twitter:data1\" content=\"2 minutes\" \/>\n<script type=\"application\/ld+json\" class=\"yoast-schema-graph\">{\"@context\":\"https:\\\/\\\/schema.org\",\"@graph\":[{\"@type\":\"WebPage\",\"@id\":\"https:\\\/\\\/www.citadel.edu\\\/elcid\\\/edition-2025\\\/\",\"url\":\"https:\\\/\\\/www.citadel.edu\\\/elcid\\\/edition-2025\\\/\",\"name\":\"Edition 2025 - El Cid Journal\",\"isPartOf\":{\"@id\":\"https:\\\/\\\/www.citadel.edu\\\/elcid\\\/#website\"},\"datePublished\":\"2025-06-05T17:51:59+00:00\",\"dateModified\":\"2025-06-09T20:22:05+00:00\",\"breadcrumb\":{\"@id\":\"https:\\\/\\\/www.citadel.edu\\\/elcid\\\/edition-2025\\\/#breadcrumb\"},\"inLanguage\":\"en-US\",\"potentialAction\":[{\"@type\":\"ReadAction\",\"target\":[\"https:\\\/\\\/www.citadel.edu\\\/elcid\\\/edition-2025\\\/\"]}]},{\"@type\":\"BreadcrumbList\",\"@id\":\"https:\\\/\\\/www.citadel.edu\\\/elcid\\\/edition-2025\\\/#breadcrumb\",\"itemListElement\":[{\"@type\":\"ListItem\",\"position\":1,\"name\":\"Home\",\"item\":\"https:\\\/\\\/www.citadel.edu\\\/elcid\\\/\"},{\"@type\":\"ListItem\",\"position\":2,\"name\":\"Edition 2025\"}]},{\"@type\":\"WebSite\",\"@id\":\"https:\\\/\\\/www.citadel.edu\\\/elcid\\\/#website\",\"url\":\"https:\\\/\\\/www.citadel.edu\\\/elcid\\\/\",\"name\":\"El Cid Journal\",\"description\":\"\",\"potentialAction\":[{\"@type\":\"SearchAction\",\"target\":{\"@type\":\"EntryPoint\",\"urlTemplate\":\"https:\\\/\\\/www.citadel.edu\\\/elcid\\\/?s={search_term_string}\"},\"query-input\":{\"@type\":\"PropertyValueSpecification\",\"valueRequired\":true,\"valueName\":\"search_term_string\"}}],\"inLanguage\":\"en-US\"}]}<\/script>\n<!-- \/ Yoast SEO Premium plugin. -->","yoast_head_json":{"title":"Edition 2025 - El Cid Journal","robots":{"index":"index","follow":"follow","max-snippet":"max-snippet:-1","max-image-preview":"max-image-preview:large","max-video-preview":"max-video-preview:-1"},"canonical":"https:\/\/www.citadel.edu\/elcid\/edition-2025\/","og_locale":"en_US","og_type":"article","og_title":"Edition 2025","og_description":"Ensayos Miedos femeninos: el cuento fant\u00e1stico como mecanismo de rechazo hacia \u201cla mujer superficial\u201d en \u201cCuca\u201d de Alfonsina Storni.Nicole Camilliere, University of Miami2025 Ignacio R. M. Galbis Award La construcci\u00f3n de la masculinidad y el honor en la Espa\u00f1a del siglo XVII.Cristina G\u00f3mez S\u00e1nchez, The University of Alabama \u201cUna sensaci\u00f3n de hombre\u201d: El monstruo l\u00e9sbico [&hellip;]","og_url":"https:\/\/www.citadel.edu\/elcid\/edition-2025\/","og_site_name":"El Cid Journal","article_modified_time":"2025-06-09T20:22:05+00:00","twitter_card":"summary_large_image","twitter_misc":{"Est. reading time":"2 minutes"},"schema":{"@context":"https:\/\/schema.org","@graph":[{"@type":"WebPage","@id":"https:\/\/www.citadel.edu\/elcid\/edition-2025\/","url":"https:\/\/www.citadel.edu\/elcid\/edition-2025\/","name":"Edition 2025 - El Cid Journal","isPartOf":{"@id":"https:\/\/www.citadel.edu\/elcid\/#website"},"datePublished":"2025-06-05T17:51:59+00:00","dateModified":"2025-06-09T20:22:05+00:00","breadcrumb":{"@id":"https:\/\/www.citadel.edu\/elcid\/edition-2025\/#breadcrumb"},"inLanguage":"en-US","potentialAction":[{"@type":"ReadAction","target":["https:\/\/www.citadel.edu\/elcid\/edition-2025\/"]}]},{"@type":"BreadcrumbList","@id":"https:\/\/www.citadel.edu\/elcid\/edition-2025\/#breadcrumb","itemListElement":[{"@type":"ListItem","position":1,"name":"Home","item":"https:\/\/www.citadel.edu\/elcid\/"},{"@type":"ListItem","position":2,"name":"Edition 2025"}]},{"@type":"WebSite","@id":"https:\/\/www.citadel.edu\/elcid\/#website","url":"https:\/\/www.citadel.edu\/elcid\/","name":"El Cid Journal","description":"","potentialAction":[{"@type":"SearchAction","target":{"@type":"EntryPoint","urlTemplate":"https:\/\/www.citadel.edu\/elcid\/?s={search_term_string}"},"query-input":{"@type":"PropertyValueSpecification","valueRequired":true,"valueName":"search_term_string"}}],"inLanguage":"en-US"}]}},"_links":{"self":[{"href":"https:\/\/www.citadel.edu\/elcid\/wp-json\/wp\/v2\/pages\/347","targetHints":{"allow":["GET"]}}],"collection":[{"href":"https:\/\/www.citadel.edu\/elcid\/wp-json\/wp\/v2\/pages"}],"about":[{"href":"https:\/\/www.citadel.edu\/elcid\/wp-json\/wp\/v2\/types\/page"}],"author":[{"embeddable":true,"href":"https:\/\/www.citadel.edu\/elcid\/wp-json\/wp\/v2\/users\/694"}],"replies":[{"embeddable":true,"href":"https:\/\/www.citadel.edu\/elcid\/wp-json\/wp\/v2\/comments?post=347"}],"version-history":[{"count":13,"href":"https:\/\/www.citadel.edu\/elcid\/wp-json\/wp\/v2\/pages\/347\/revisions"}],"predecessor-version":[{"id":391,"href":"https:\/\/www.citadel.edu\/elcid\/wp-json\/wp\/v2\/pages\/347\/revisions\/391"}],"wp:attachment":[{"href":"https:\/\/www.citadel.edu\/elcid\/wp-json\/wp\/v2\/media?parent=347"}],"curies":[{"name":"wp","href":"https:\/\/api.w.org\/{rel}","templated":true}]}}