{"id":208,"date":"2024-05-20T13:22:10","date_gmt":"2024-05-20T17:22:10","guid":{"rendered":"https:\/\/www.citadel.edu\/elcid\/?page_id=208"},"modified":"2024-05-30T14:43:36","modified_gmt":"2024-05-30T18:43:36","slug":"edition-2024","status":"publish","type":"page","link":"https:\/\/www.citadel.edu\/elcid\/edition-2024\/","title":{"rendered":"Edition 2024"},"content":{"rendered":"\n<h2 class=\"wp-block-heading\" id=\"h-ensayos\">Ensayos<\/h2>\n\n\n\n<p><strong><a href=\"https:\/\/www.citadel.edu\/elcid\/2024\/05\/lorca-the-generation-of-27-and-romancero-gitano\/\">Lorca, The Generation of 27, and Romancero Gitano<\/a><\/strong><br>Michele Mileusnich, Florida International University<br>2024 Ignacio R. M. Galbis Award<\/p>\n\n\n\n<p><strong><a href=\"https:\/\/www.citadel.edu\/elcid\/2024\/05\/disparidad-transformacion-y-rebeldia\/\">Disparidad, transformaci\u00f3n y rebeld\u00eda: el dilema del proyecto modernizador alemanista en las novelas mexicanas, <em>De perfil<\/em> de Jos\u00e9 Agust\u00edn, <em>Las batallas en el desierto<\/em> de Jos\u00e9 Emilio Pacheco y <em>Paseo de la Reforma<\/em> de Elena Poniatowska<\/a><\/strong><br>Micaelina Ram\u00edrez, California State University, Fresno<\/p>\n\n\n\n<p><strong><a href=\"https:\/\/www.citadel.edu\/elcid\/2024\/05\/las-hermanas-oblatas-en-cuba-una-mision-del-corazon\/\">Las Hermanas Oblatas en Cuba: una misi\u00f3n del coraz\u00f3n<\/a><\/strong><br>Ala\u00edn P\u00e9rez Mart\u00ednez, University of Saint Thomas<\/p>\n\n\n\n<p><strong><a href=\"https:\/\/www.citadel.edu\/elcid\/2024\/05\/musica-y-naturaleza-simbolica-en-el-libro-de-buen-amor\/\">M\u00fasica y naturaleza simb\u00f3lica en el <em>Libro de Buen Amor<\/em><\/a><\/strong><em><a href=\"https:\/\/www.citadel.edu\/elcid\/2024\/05\/musica-y-naturaleza-simbolica-en-el-libro-de-buen-amor\/\"> <\/a><\/em><br>Luciana Kube Tamayo, Florida International University<\/p>\n\n\n\n<p><strong><a href=\"https:\/\/www.citadel.edu\/elcid\/2024\/05\/la-violacion-del-espacio-la-historia-y-la-madre-patria\/\">La violaci\u00f3n del espacio, la historia y la madre patria en \u201cEl beso\u201d (1863), por Gustavo Adolfo B\u00e9cquer<\/a><\/strong><br>Chelsea Powell, California State University, Long Beach<\/p>\n\n\n\n<p><strong><a href=\"https:\/\/www.citadel.edu\/elcid\/2024\/05\/imagen-y-representacion-del-espacio-en-te-llevo-conmigo-2020-de-heidi-ewing\/\">Imagen y representaci\u00f3n del espacio en <em>Te llevo conmigo<\/em> (2020) de Heidi Ewing<\/a><\/strong><br>Aar\u00f3n Arizmendi, Arizona State University, Tempe<\/p>\n\n\n\n<p><strong><a href=\"https:\/\/www.citadel.edu\/elcid\/2024\/05\/la-ficcion-literaria-latinoamericana-como-medio-de-expresion-de-una-sociedad-traumatizada\/\">La ficci\u00f3n literaria latinoamericana como medio de expresi\u00f3n de una sociedad traumatizada<\/a><\/strong><br>Eukene Franco-Landa, University of Miami<\/p>\n\n\n\n<p><strong><a href=\"https:\/\/www.citadel.edu\/elcid\/2024\/05\/raza-e-identidad-cultural-en-tres-novelas-colombianas\">Raza e identidad cultural en tres novelas colombianas: Mar\u00eda de Jorge Isaacs, De sobremesa de Jos\u00e9 Asunci\u00f3n Silva y La vor\u00e1gine de Jos\u00e9 Eustacio Rivera<\/a><\/strong><br>M\u00f3nica Rozo, Florida State University<\/p>\n\n\n\n<p><strong><a href=\"https:\/\/www.citadel.edu\/elcid\/2024\/05\/consumiendo-al-maradona-consumido\/\">Consumiendo al Maradona consumido<\/a> <\/strong><br>Bruno Nowendsztern, Arizona State University<\/p>\n\n\n\n<p><a href=\"https:\/\/www.citadel.edu\/elcid\/2024\/05\/brahmanes-bonzos-y-chinos\"><strong>Brahmanes, bonzos y chinos: La perspectiva del Otro en las <em>Cartas de San Francisco Xavier<\/em><\/strong> <\/a><br>Ana Silvia Cervantes, Arizona State University<\/p>\n\n\n\n<p><a href=\"https:\/\/www.citadel.edu\/elcid\/2024\/05\/violacion-y-retribucion-en-cervantes-y-zayas\/\"><strong>Violaci\u00f3n y retribuci\u00f3n en Cervantes y Zayas<\/strong> <\/a><br>Zoe Beggs, Boston College<\/p>\n\n\n\n<h2 class=\"wp-block-heading\" id=\"h-cuentos\">Cuentos<\/h2>\n\n\n\n<p><strong><a href=\"https:\/\/www.citadel.edu\/elcid\/2024\/05\/la-mujer-perfecta\/\">La mujer perfecta<\/a><\/strong><br>Camara Thomas, University of Illinois, Urbana-Champaign<\/p>\n\n\n\n<p><strong><a href=\"https:\/\/www.citadel.edu\/elcid\/2024\/05\/amor-que-mata-y-me-mata\/\">Amor que mata y me mata<\/a><\/strong><br>Jillian Robbins, College of Idaho<\/p>\n\n\n\n<h2 class=\"wp-block-heading\" id=\"h-poemas\">Poemas<\/h2>\n\n\n\n<p><strong><a href=\"https:\/\/www.citadel.edu\/elcid\/2024\/05\/ciclo-de-vida\/\">ciclo de vida<\/a><\/strong><br>Seaira Lett, University of Georgia<\/p>\n\n\n\n<p><strong><a href=\"https:\/\/www.citadel.edu\/elcid\/2024\/05\/otono\/\">oto\u00f1o<\/a><\/strong><br>Seaira Lett, University of Georgia<\/p>\n\n\n\n<h2 class=\"wp-block-heading\" id=\"h-fotografias\">Fotograf\u00edas<\/h2>\n\n\n\n<p><strong>Finalist: Photo Contest <em>The World Under Citadel Eyes <\/em>(2024)<\/strong><\/p>\n\n\n\n<p><strong><a href=\"https:\/\/www.citadel.edu\/elcid\/2024\/05\/die-sommerrodelbahn-am-obersalzberg\/\">Die Sommerrodelbahn am Obersalzberg<\/a><\/strong><br>Corbin Douglas Snavely, The Citadel<\/p>\n\n\n\n<p><strong>Semifinalists: Photo Contest <em>The World Under Citadel Eyes <\/em>(2024)<\/strong><\/p>\n\n\n\n<p><strong><a href=\"https:\/\/www.citadel.edu\/elcid\/2024\/05\/paris-in-swing\/\">Paris in Swing<\/a><\/strong><br>Abigail Hope Crevoiserat, The Citadel<\/p>\n\n\n\n<p><strong><a href=\"https:\/\/www.citadel.edu\/elcid\/2024\/05\/colombia-quindio-parque-del-cafe\/\">Colombia Quindio: Parque del caf\u00e9<\/a><\/strong><br>Melanie Brice\u00f1o, The Citadel<\/p>\n","protected":false},"excerpt":{"rendered":"<p>Ensayos Lorca, The Generation of 27, and Romancero GitanoMichele Mileusnich, Florida International University2024 Ignacio R. M. Galbis Award Disparidad, transformaci\u00f3n y rebeld\u00eda: el dilema del proyecto modernizador alemanista en las novelas mexicanas, De perfil de Jos\u00e9 Agust\u00edn, Las batallas en el desierto de Jos\u00e9 Emilio Pacheco y Paseo de la Reforma de Elena PoniatowskaMicaelina Ram\u00edrez, [&hellip;]<\/p>\n","protected":false},"author":694,"featured_media":0,"parent":0,"menu_order":0,"comment_status":"closed","ping_status":"closed","template":"","meta":{"_coblocks_attr":"","_coblocks_dimensions":"","_coblocks_responsive_height":"","_coblocks_accordion_ie_support":"","footnotes":""},"class_list":["post-208","page","type-page","status-publish","hentry"],"yoast_head":"<!-- This site is optimized with the Yoast SEO Premium plugin v22.8 (Yoast SEO v27.3) - https:\/\/yoast.com\/product\/yoast-seo-premium-wordpress\/ -->\n<title>Edition 2024 - El Cid Journal<\/title>\n<meta name=\"description\" content=\"View the El Cid Edition 2024. This includes essays (ensayos), short stories (cuentos), poems (poemas) and photos (fotografias).\" \/>\n<meta name=\"robots\" content=\"index, follow, max-snippet:-1, max-image-preview:large, max-video-preview:-1\" \/>\n<link rel=\"canonical\" href=\"https:\/\/www.citadel.edu\/elcid\/edition-2024\/\" \/>\n<meta property=\"og:locale\" content=\"en_US\" \/>\n<meta property=\"og:type\" content=\"article\" \/>\n<meta property=\"og:title\" content=\"Edition 2024\" \/>\n<meta property=\"og:description\" content=\"View the El Cid Edition 2024. This includes essays (ensayos), short stories (cuentos), poems (poemas) and photos (fotografias).\" \/>\n<meta property=\"og:url\" content=\"https:\/\/www.citadel.edu\/elcid\/edition-2024\/\" \/>\n<meta property=\"og:site_name\" content=\"El Cid Journal\" \/>\n<meta property=\"article:modified_time\" content=\"2024-05-30T18:43:36+00:00\" \/>\n<meta name=\"twitter:card\" content=\"summary_large_image\" \/>\n<meta name=\"twitter:label1\" content=\"Est. reading time\" \/>\n\t<meta name=\"twitter:data1\" content=\"2 minutes\" \/>\n<script type=\"application\/ld+json\" class=\"yoast-schema-graph\">{\"@context\":\"https:\\\/\\\/schema.org\",\"@graph\":[{\"@type\":\"WebPage\",\"@id\":\"https:\\\/\\\/www.citadel.edu\\\/elcid\\\/edition-2024\\\/\",\"url\":\"https:\\\/\\\/www.citadel.edu\\\/elcid\\\/edition-2024\\\/\",\"name\":\"Edition 2024 - El Cid Journal\",\"isPartOf\":{\"@id\":\"https:\\\/\\\/www.citadel.edu\\\/elcid\\\/#website\"},\"datePublished\":\"2024-05-20T17:22:10+00:00\",\"dateModified\":\"2024-05-30T18:43:36+00:00\",\"description\":\"View the El Cid Edition 2024. This includes essays (ensayos), short stories (cuentos), poems (poemas) and photos (fotografias).\",\"breadcrumb\":{\"@id\":\"https:\\\/\\\/www.citadel.edu\\\/elcid\\\/edition-2024\\\/#breadcrumb\"},\"inLanguage\":\"en-US\",\"potentialAction\":[{\"@type\":\"ReadAction\",\"target\":[\"https:\\\/\\\/www.citadel.edu\\\/elcid\\\/edition-2024\\\/\"]}]},{\"@type\":\"BreadcrumbList\",\"@id\":\"https:\\\/\\\/www.citadel.edu\\\/elcid\\\/edition-2024\\\/#breadcrumb\",\"itemListElement\":[{\"@type\":\"ListItem\",\"position\":1,\"name\":\"Home\",\"item\":\"https:\\\/\\\/www.citadel.edu\\\/elcid\\\/\"},{\"@type\":\"ListItem\",\"position\":2,\"name\":\"Edition 2024\"}]},{\"@type\":\"WebSite\",\"@id\":\"https:\\\/\\\/www.citadel.edu\\\/elcid\\\/#website\",\"url\":\"https:\\\/\\\/www.citadel.edu\\\/elcid\\\/\",\"name\":\"El Cid Journal\",\"description\":\"\",\"potentialAction\":[{\"@type\":\"SearchAction\",\"target\":{\"@type\":\"EntryPoint\",\"urlTemplate\":\"https:\\\/\\\/www.citadel.edu\\\/elcid\\\/?s={search_term_string}\"},\"query-input\":{\"@type\":\"PropertyValueSpecification\",\"valueRequired\":true,\"valueName\":\"search_term_string\"}}],\"inLanguage\":\"en-US\"}]}<\/script>\n<!-- \/ Yoast SEO Premium plugin. -->","yoast_head_json":{"title":"Edition 2024 - El Cid Journal","description":"View the El Cid Edition 2024. This includes essays (ensayos), short stories (cuentos), poems (poemas) and photos (fotografias).","robots":{"index":"index","follow":"follow","max-snippet":"max-snippet:-1","max-image-preview":"max-image-preview:large","max-video-preview":"max-video-preview:-1"},"canonical":"https:\/\/www.citadel.edu\/elcid\/edition-2024\/","og_locale":"en_US","og_type":"article","og_title":"Edition 2024","og_description":"View the El Cid Edition 2024. This includes essays (ensayos), short stories (cuentos), poems (poemas) and photos (fotografias).","og_url":"https:\/\/www.citadel.edu\/elcid\/edition-2024\/","og_site_name":"El Cid Journal","article_modified_time":"2024-05-30T18:43:36+00:00","twitter_card":"summary_large_image","twitter_misc":{"Est. reading time":"2 minutes"},"schema":{"@context":"https:\/\/schema.org","@graph":[{"@type":"WebPage","@id":"https:\/\/www.citadel.edu\/elcid\/edition-2024\/","url":"https:\/\/www.citadel.edu\/elcid\/edition-2024\/","name":"Edition 2024 - El Cid Journal","isPartOf":{"@id":"https:\/\/www.citadel.edu\/elcid\/#website"},"datePublished":"2024-05-20T17:22:10+00:00","dateModified":"2024-05-30T18:43:36+00:00","description":"View the El Cid Edition 2024. This includes essays (ensayos), short stories (cuentos), poems (poemas) and photos (fotografias).","breadcrumb":{"@id":"https:\/\/www.citadel.edu\/elcid\/edition-2024\/#breadcrumb"},"inLanguage":"en-US","potentialAction":[{"@type":"ReadAction","target":["https:\/\/www.citadel.edu\/elcid\/edition-2024\/"]}]},{"@type":"BreadcrumbList","@id":"https:\/\/www.citadel.edu\/elcid\/edition-2024\/#breadcrumb","itemListElement":[{"@type":"ListItem","position":1,"name":"Home","item":"https:\/\/www.citadel.edu\/elcid\/"},{"@type":"ListItem","position":2,"name":"Edition 2024"}]},{"@type":"WebSite","@id":"https:\/\/www.citadel.edu\/elcid\/#website","url":"https:\/\/www.citadel.edu\/elcid\/","name":"El Cid Journal","description":"","potentialAction":[{"@type":"SearchAction","target":{"@type":"EntryPoint","urlTemplate":"https:\/\/www.citadel.edu\/elcid\/?s={search_term_string}"},"query-input":{"@type":"PropertyValueSpecification","valueRequired":true,"valueName":"search_term_string"}}],"inLanguage":"en-US"}]}},"_links":{"self":[{"href":"https:\/\/www.citadel.edu\/elcid\/wp-json\/wp\/v2\/pages\/208","targetHints":{"allow":["GET"]}}],"collection":[{"href":"https:\/\/www.citadel.edu\/elcid\/wp-json\/wp\/v2\/pages"}],"about":[{"href":"https:\/\/www.citadel.edu\/elcid\/wp-json\/wp\/v2\/types\/page"}],"author":[{"embeddable":true,"href":"https:\/\/www.citadel.edu\/elcid\/wp-json\/wp\/v2\/users\/694"}],"replies":[{"embeddable":true,"href":"https:\/\/www.citadel.edu\/elcid\/wp-json\/wp\/v2\/comments?post=208"}],"version-history":[{"count":15,"href":"https:\/\/www.citadel.edu\/elcid\/wp-json\/wp\/v2\/pages\/208\/revisions"}],"predecessor-version":[{"id":262,"href":"https:\/\/www.citadel.edu\/elcid\/wp-json\/wp\/v2\/pages\/208\/revisions\/262"}],"wp:attachment":[{"href":"https:\/\/www.citadel.edu\/elcid\/wp-json\/wp\/v2\/media?parent=208"}],"curies":[{"name":"wp","href":"https:\/\/api.w.org\/{rel}","templated":true}]}}