{"id":2,"date":"2023-04-14T14:37:26","date_gmt":"2023-04-14T14:37:26","guid":{"rendered":"https:\/\/www.citadel.edu\/elcid\/?page_id=2"},"modified":"2025-06-09T09:06:13","modified_gmt":"2025-06-09T13:06:13","slug":"sample-page","status":"publish","type":"page","link":"https:\/\/www.citadel.edu\/elcid\/","title":{"rendered":"El Cid Journal"},"content":{"rendered":"\n<p>Funding for <em>El Cid<\/em> is made possible by the generous support of The Citadel and the Department of Modern Languages, Literatures, and Cultures.&nbsp;<\/p>\n\n\n\n<p>Bienvenido a <em>El Cid<\/em>, la revista electr\u00f3nica estudiantil del Cap\u00edtulo Tau Iota de Sigma Delta Pi, la Sociedad Nacional Honoraria Hisp\u00e1nica. <em>El Cid<\/em> pretende ser un espacio acad\u00e9mico de encuentro literario y cultural para entablar di\u00e1logo abierto en el mundo hispanohablante. La revista tiene como objetivo promover la cr\u00edtica y la creaci\u00f3n literaria y cultural a trav\u00e9s del ensayo cr\u00edtico, el cuento, la poes\u00eda y la fotograf\u00eda entre estudiantes universitarios subgraduados y graduados.&nbsp;<\/p>\n\n\n\n<p><em>El Cid<\/em> se publica de manera anual en verano.<\/p>\n\n\n\n<h2 class=\"wp-block-heading\" id=\"h-editions\">Editions<\/h2>\n\n\n\n<p><a href=\"https:\/\/www.citadel.edu\/elcid\/edition-2023\/\">Edition 2023<\/a><\/p>\n\n\n\n<p><a href=\"https:\/\/www.citadel.edu\/elcid\/edition-2024\/\">Edition 2024<\/a><\/p>\n\n\n\n<p><a href=\"https:\/\/www.citadel.edu\/elcid\/edition-2025\/\">Edition 2025<\/a><\/p>\n","protected":false},"excerpt":{"rendered":"<p>Funding for El Cid is made possible by the generous support of The Citadel and the Department of Modern Languages, Literatures, and Cultures.&nbsp; Bienvenido a El Cid, la revista electr\u00f3nica estudiantil del Cap\u00edtulo Tau Iota de Sigma Delta Pi, la Sociedad Nacional Honoraria Hisp\u00e1nica. El Cid pretende ser un espacio acad\u00e9mico de encuentro literario y [&hellip;]<\/p>\n","protected":false},"author":1,"featured_media":91,"parent":0,"menu_order":0,"comment_status":"closed","ping_status":"open","template":"","meta":{"_coblocks_attr":"","_coblocks_dimensions":"","_coblocks_responsive_height":"","_coblocks_accordion_ie_support":"","footnotes":""},"class_list":["post-2","page","type-page","status-publish","has-post-thumbnail","hentry"],"yoast_head":"<!-- This site is optimized with the Yoast SEO Premium plugin v22.8 (Yoast SEO v27.3) - https:\/\/yoast.com\/product\/yoast-seo-premium-wordpress\/ -->\n<title>El Cid Journal - El Cid Journal<\/title>\n<meta name=\"description\" content=\"Funding for El Cid is made possible by the generous support of The Citadel and the Department of Modern Languages, Literatures, and Cultures.\u00a0\" \/>\n<meta name=\"robots\" content=\"index, follow, max-snippet:-1, max-image-preview:large, max-video-preview:-1\" \/>\n<link rel=\"canonical\" href=\"https:\/\/www.citadel.edu\/elcid\/\" \/>\n<meta property=\"og:locale\" content=\"en_US\" \/>\n<meta property=\"og:type\" content=\"article\" \/>\n<meta property=\"og:title\" content=\"El Cid Journal\" \/>\n<meta property=\"og:description\" content=\"Funding for El Cid is made possible by the generous support of The Citadel and the Department of Modern Languages, Literatures, and Cultures.\u00a0\" \/>\n<meta property=\"og:url\" content=\"https:\/\/www.citadel.edu\/elcid\/\" \/>\n<meta property=\"og:site_name\" content=\"El Cid Journal\" \/>\n<meta property=\"article:modified_time\" content=\"2025-06-09T13:06:13+00:00\" \/>\n<meta property=\"og:image\" content=\"https:\/\/www.citadel.edu\/elcid\/wp-content\/uploads\/sites\/165\/Picture-for-El-Cid.jpg\" \/>\n\t<meta property=\"og:image:width\" content=\"1200\" \/>\n\t<meta property=\"og:image:height\" content=\"368\" \/>\n\t<meta property=\"og:image:type\" content=\"image\/jpeg\" \/>\n<meta name=\"twitter:card\" content=\"summary_large_image\" \/>\n<meta name=\"twitter:label1\" content=\"Est. reading time\" \/>\n\t<meta name=\"twitter:data1\" content=\"1 minute\" \/>\n<script type=\"application\/ld+json\" class=\"yoast-schema-graph\">{\"@context\":\"https:\\\/\\\/schema.org\",\"@graph\":[{\"@type\":\"WebPage\",\"@id\":\"https:\\\/\\\/www.citadel.edu\\\/elcid\\\/\",\"url\":\"https:\\\/\\\/www.citadel.edu\\\/elcid\\\/\",\"name\":\"El Cid Journal - El Cid Journal\",\"isPartOf\":{\"@id\":\"https:\\\/\\\/www.citadel.edu\\\/elcid\\\/#website\"},\"primaryImageOfPage\":{\"@id\":\"https:\\\/\\\/www.citadel.edu\\\/elcid\\\/#primaryimage\"},\"image\":{\"@id\":\"https:\\\/\\\/www.citadel.edu\\\/elcid\\\/#primaryimage\"},\"thumbnailUrl\":\"https:\\\/\\\/www.citadel.edu\\\/elcid\\\/wp-content\\\/uploads\\\/sites\\\/165\\\/Picture-for-El-Cid.jpg\",\"datePublished\":\"2023-04-14T14:37:26+00:00\",\"dateModified\":\"2025-06-09T13:06:13+00:00\",\"description\":\"Funding for El Cid is made possible by the generous support of The Citadel and the Department of Modern Languages, Literatures, and Cultures.\u00a0\",\"breadcrumb\":{\"@id\":\"https:\\\/\\\/www.citadel.edu\\\/elcid\\\/#breadcrumb\"},\"inLanguage\":\"en-US\",\"potentialAction\":[{\"@type\":\"ReadAction\",\"target\":[\"https:\\\/\\\/www.citadel.edu\\\/elcid\\\/\"]}]},{\"@type\":\"ImageObject\",\"inLanguage\":\"en-US\",\"@id\":\"https:\\\/\\\/www.citadel.edu\\\/elcid\\\/#primaryimage\",\"url\":\"https:\\\/\\\/www.citadel.edu\\\/elcid\\\/wp-content\\\/uploads\\\/sites\\\/165\\\/Picture-for-El-Cid.jpg\",\"contentUrl\":\"https:\\\/\\\/www.citadel.edu\\\/elcid\\\/wp-content\\\/uploads\\\/sites\\\/165\\\/Picture-for-El-Cid.jpg\",\"width\":1200,\"height\":368},{\"@type\":\"BreadcrumbList\",\"@id\":\"https:\\\/\\\/www.citadel.edu\\\/elcid\\\/#breadcrumb\",\"itemListElement\":[{\"@type\":\"ListItem\",\"position\":1,\"name\":\"Home\",\"item\":\"https:\\\/\\\/www.citadel.edu\\\/elcid\\\/\"},{\"@type\":\"ListItem\",\"position\":2,\"name\":\"El Cid Journal\"}]},{\"@type\":\"WebSite\",\"@id\":\"https:\\\/\\\/www.citadel.edu\\\/elcid\\\/#website\",\"url\":\"https:\\\/\\\/www.citadel.edu\\\/elcid\\\/\",\"name\":\"El Cid Journal\",\"description\":\"\",\"potentialAction\":[{\"@type\":\"SearchAction\",\"target\":{\"@type\":\"EntryPoint\",\"urlTemplate\":\"https:\\\/\\\/www.citadel.edu\\\/elcid\\\/?s={search_term_string}\"},\"query-input\":{\"@type\":\"PropertyValueSpecification\",\"valueRequired\":true,\"valueName\":\"search_term_string\"}}],\"inLanguage\":\"en-US\"}]}<\/script>\n<!-- \/ Yoast SEO Premium plugin. -->","yoast_head_json":{"title":"El Cid Journal - El Cid Journal","description":"Funding for El Cid is made possible by the generous support of The Citadel and the Department of Modern Languages, Literatures, and Cultures.\u00a0","robots":{"index":"index","follow":"follow","max-snippet":"max-snippet:-1","max-image-preview":"max-image-preview:large","max-video-preview":"max-video-preview:-1"},"canonical":"https:\/\/www.citadel.edu\/elcid\/","og_locale":"en_US","og_type":"article","og_title":"El Cid Journal","og_description":"Funding for El Cid is made possible by the generous support of The Citadel and the Department of Modern Languages, Literatures, and Cultures.\u00a0","og_url":"https:\/\/www.citadel.edu\/elcid\/","og_site_name":"El Cid Journal","article_modified_time":"2025-06-09T13:06:13+00:00","og_image":[{"width":1200,"height":368,"url":"https:\/\/www.citadel.edu\/elcid\/wp-content\/uploads\/sites\/165\/Picture-for-El-Cid.jpg","type":"image\/jpeg"}],"twitter_card":"summary_large_image","twitter_misc":{"Est. reading time":"1 minute"},"schema":{"@context":"https:\/\/schema.org","@graph":[{"@type":"WebPage","@id":"https:\/\/www.citadel.edu\/elcid\/","url":"https:\/\/www.citadel.edu\/elcid\/","name":"El Cid Journal - El Cid Journal","isPartOf":{"@id":"https:\/\/www.citadel.edu\/elcid\/#website"},"primaryImageOfPage":{"@id":"https:\/\/www.citadel.edu\/elcid\/#primaryimage"},"image":{"@id":"https:\/\/www.citadel.edu\/elcid\/#primaryimage"},"thumbnailUrl":"https:\/\/www.citadel.edu\/elcid\/wp-content\/uploads\/sites\/165\/Picture-for-El-Cid.jpg","datePublished":"2023-04-14T14:37:26+00:00","dateModified":"2025-06-09T13:06:13+00:00","description":"Funding for El Cid is made possible by the generous support of The Citadel and the Department of Modern Languages, Literatures, and Cultures.\u00a0","breadcrumb":{"@id":"https:\/\/www.citadel.edu\/elcid\/#breadcrumb"},"inLanguage":"en-US","potentialAction":[{"@type":"ReadAction","target":["https:\/\/www.citadel.edu\/elcid\/"]}]},{"@type":"ImageObject","inLanguage":"en-US","@id":"https:\/\/www.citadel.edu\/elcid\/#primaryimage","url":"https:\/\/www.citadel.edu\/elcid\/wp-content\/uploads\/sites\/165\/Picture-for-El-Cid.jpg","contentUrl":"https:\/\/www.citadel.edu\/elcid\/wp-content\/uploads\/sites\/165\/Picture-for-El-Cid.jpg","width":1200,"height":368},{"@type":"BreadcrumbList","@id":"https:\/\/www.citadel.edu\/elcid\/#breadcrumb","itemListElement":[{"@type":"ListItem","position":1,"name":"Home","item":"https:\/\/www.citadel.edu\/elcid\/"},{"@type":"ListItem","position":2,"name":"El Cid Journal"}]},{"@type":"WebSite","@id":"https:\/\/www.citadel.edu\/elcid\/#website","url":"https:\/\/www.citadel.edu\/elcid\/","name":"El Cid Journal","description":"","potentialAction":[{"@type":"SearchAction","target":{"@type":"EntryPoint","urlTemplate":"https:\/\/www.citadel.edu\/elcid\/?s={search_term_string}"},"query-input":{"@type":"PropertyValueSpecification","valueRequired":true,"valueName":"search_term_string"}}],"inLanguage":"en-US"}]}},"_links":{"self":[{"href":"https:\/\/www.citadel.edu\/elcid\/wp-json\/wp\/v2\/pages\/2","targetHints":{"allow":["GET"]}}],"collection":[{"href":"https:\/\/www.citadel.edu\/elcid\/wp-json\/wp\/v2\/pages"}],"about":[{"href":"https:\/\/www.citadel.edu\/elcid\/wp-json\/wp\/v2\/types\/page"}],"author":[{"embeddable":true,"href":"https:\/\/www.citadel.edu\/elcid\/wp-json\/wp\/v2\/users\/1"}],"replies":[{"embeddable":true,"href":"https:\/\/www.citadel.edu\/elcid\/wp-json\/wp\/v2\/comments?post=2"}],"version-history":[{"count":9,"href":"https:\/\/www.citadel.edu\/elcid\/wp-json\/wp\/v2\/pages\/2\/revisions"}],"predecessor-version":[{"id":383,"href":"https:\/\/www.citadel.edu\/elcid\/wp-json\/wp\/v2\/pages\/2\/revisions\/383"}],"wp:featuredmedia":[{"embeddable":true,"href":"https:\/\/www.citadel.edu\/elcid\/wp-json\/wp\/v2\/media\/91"}],"wp:attachment":[{"href":"https:\/\/www.citadel.edu\/elcid\/wp-json\/wp\/v2\/media?parent=2"}],"curies":[{"name":"wp","href":"https:\/\/api.w.org\/{rel}","templated":true}]}}