{"id":19,"date":"2023-05-17T11:06:49","date_gmt":"2023-05-17T15:06:49","guid":{"rendered":"https:\/\/www.citadel.edu\/elcid\/?page_id=19"},"modified":"2023-11-06T09:59:28","modified_gmt":"2023-11-06T14:59:28","slug":"edition-2023","status":"publish","type":"page","link":"https:\/\/www.citadel.edu\/elcid\/edition-2023\/","title":{"rendered":"Edition 2023"},"content":{"rendered":"\n<h2 class=\"wp-block-heading\" id=\"h-ensayos\">Ensayos<\/h2>\n\n\n\n<p><a href=\"https:\/\/www.citadel.edu\/elcid\/2023\/05\/presencia-y-ausencia-de-trauma-lesbico-en-elisa-y-marcela-y-carmen-y-lola\/\" target=\"_blank\" rel=\"noreferrer noopener\"><strong>Presencia y ausencia de trauma l\u00e9sbico en <em>Elisa y Marcela<\/em> y <em>Carmen y Lola.<\/em><\/strong>&nbsp;<\/a><br>Alex Landgraf, The University of Alabama&nbsp;<br>Premio Galbis 2023&nbsp;<\/p>\n\n\n\n<p><a href=\"https:\/\/www.citadel.edu\/elcid\/2023\/05\/las-autoras-del-entre-siglos-y-su-critica-social\/\"><strong>Las autoras del entre siglos y su cr\u00edtica social.<\/strong>&nbsp;<\/a><br>Arnaldo D. Ferrebus, University of Miami&nbsp;<\/p>\n\n\n\n<p><a href=\"https:\/\/www.citadel.edu\/elcid\/2023\/05\/el-don-de-la-palabra-voz-poder-e-in-exclusion-en-malinche-de-laura-esquivel\/\"><strong>El don de la palabra:\u202fvoz, poder e in\/exclusi\u00f3n en\u202f<em>Malinche<\/em>\u202fde Laura Esquivel.<\/strong>&nbsp;<\/a><br>Giovanni Minicucci, Syracuse University<\/p>\n\n\n\n<p><a href=\"https:\/\/www.citadel.edu\/elcid\/2023\/05\/el-hombre-la-mujer-el-mito-la-leyenda-la-monja-alferez\/\"><strong>El hombre, la mujer, el mito, la leyenda: la Monja Alf\u00e9rez.<\/strong>&nbsp;<\/a><br>Grace Quasebarth<strong>, <\/strong>Regina Salve University&nbsp;<\/p>\n\n\n\n<p><a href=\"https:\/\/www.citadel.edu\/elcid\/2023\/05\/siendo-definido-y-definiendo-desde-mi-analisis-de-la-invencion-de-morel-de-bioy-casaresy-rayuela-de-julio-cortazar-en-un-analisis-lacaniano-de-sus-protagonistas\/\"><strong>Siendo definido y definiendo desde m\u00ed: An\u00e1lisis de <em>La invenci\u00f3n de Morel<\/em> de Bioy Casares<em> <\/em>y <em>Rayuela <\/em>de Julio Cort\u00e1zar en un an\u00e1lisis lacaniano de sus protagonistas<\/strong>.&nbsp;<\/a><br><em>Zuri Moreno, The Oakridge School<\/em>&nbsp;<\/p>\n\n\n\n<p><a href=\"https:\/\/www.citadel.edu\/elcid\/2023\/05\/la-guitarra-vuela-paco-de-lucia-como-arquetipo-mesianico-en-un-mundo-globalizado\/\"><strong>La guitarra vuela: Paco de Luc\u00eda como arquetipo mesi\u00e1nico en un mundo globalizado. <\/strong>&nbsp;<\/a><br>Andrea Krlichka-Drew, University of Nevada, Las Vegas&nbsp;<\/p>\n\n\n\n<p><a href=\"https:\/\/www.citadel.edu\/elcid\/2023\/05\/el-cruce-de-caminos-entre-la-tonadilla-escenica-y-el-villancico-pastoril-en-el-siglo-xviii\/\"><strong>El cruce de caminos entre la tonadilla esc\u00e9nica y el villancico pastoril en el siglo XVIII.&nbsp;<\/strong>&nbsp;<\/a><br>Luciana Kube, Florida International University&nbsp;<\/p>\n\n\n\n<p><a href=\"https:\/\/www.citadel.edu\/elcid\/2023\/05\/americas-symbolic-borderlands-the-invisible-divide-of-language-and-race-in-the-midwest\/\"><strong>America&#8217;s Symbolic Borderlands: The Invisible Divide of Language and Race in the Midwest.<\/strong>&nbsp;<\/a><br>Alena Miller, Goshen College&nbsp;<\/p>\n\n\n\n<h2 class=\"wp-block-heading\" id=\"h-cuentos\">Cuentos<\/h2>\n\n\n\n<p><a href=\"https:\/\/www.citadel.edu\/elcid\/2023\/05\/la-invisibilidad-visible\/\"><strong>La invisibilidad visible.<\/strong>&nbsp;<\/a><br>Haley Baker, Indiana University, Bloomington&nbsp;<\/p>\n\n\n\n<p><a href=\"https:\/\/www.citadel.edu\/elcid\/2023\/05\/tren-mexicano\/\"><strong>Tren Mexicano.<\/strong>&nbsp;<\/a><br>M\u00f3nika de los R\u00edos, College of Idaho&nbsp;<\/p>\n\n\n\n<p><strong><a href=\"https:\/\/www.citadel.edu\/elcid\/2023\/05\/uno-por-uno-cambiaremos\/\">Uno por uno cambiaremos.<\/a><\/strong><br>Sasha Mueller, College of Idaho&nbsp;<\/p>\n\n\n\n<p><a href=\"https:\/\/www.citadel.edu\/elcid\/2023\/05\/carta-a-una-futura-directora-consejos-para-empezar-una-tradicion-de-teatro-en-espanol-en-goshen-college\/\"><strong>Carta a una futura directora: Consejos para empezar una tradici\u00f3n de teatro en espa\u00f1ol en Goshen College.<\/strong>&nbsp;<\/a><br>Laura Miller, Goshen College<\/p>\n\n\n\n<h2 class=\"wp-block-heading\" id=\"h-poemas\">Poemas<\/h2>\n\n\n\n<p><strong><a href=\"https:\/\/www.citadel.edu\/elcid\/2023\/05\/recuerdo\/\">Recuerdo<\/a><\/strong><br>Zuri Moreno, University at Buffalo&nbsp;<\/p>\n\n\n\n<p><a href=\"https:\/\/www.citadel.edu\/elcid\/2023\/05\/promesas-inquebrantables\/\"><strong>Promesas Inquebrantables&nbsp;<\/strong>&nbsp;<\/a><br>Amanda Manresa Jorge&nbsp;<\/p>\n\n\n\n<p><a href=\"https:\/\/www.citadel.edu\/elcid\/2023\/05\/la-paz-de-las-piezas-rotas\/\"><strong>La paz de las piedras rotas<\/strong>&nbsp;<\/a><br>Amanda Manresa Jorge&nbsp;<\/p>\n\n\n\n<h2 class=\"wp-block-heading\" id=\"h-fotografias\">Fotograf\u00edas<\/h2>\n\n\n\n<p><strong><a href=\"https:\/\/www.citadel.edu\/elcid\/2023\/05\/catedral\/\">Catedral<\/a><\/strong>&nbsp;<br>James Harold Williamson, The Citadel&nbsp;<br>Finalist of Photo Contest The World Under Citadel Eyes (2023 Edition)&nbsp;<\/p>\n","protected":false},"excerpt":{"rendered":"<p>Ensayos Presencia y ausencia de trauma l\u00e9sbico en Elisa y Marcela y Carmen y Lola.&nbsp;Alex Landgraf, The University of Alabama&nbsp;Premio Galbis 2023&nbsp; Las autoras del entre siglos y su cr\u00edtica social.&nbsp;Arnaldo D. Ferrebus, University of Miami&nbsp; El don de la palabra:\u202fvoz, poder e in\/exclusi\u00f3n en\u202fMalinche\u202fde Laura Esquivel.&nbsp;Giovanni Minicucci, Syracuse University El hombre, la mujer, el [&hellip;]<\/p>\n","protected":false},"author":582,"featured_media":0,"parent":0,"menu_order":0,"comment_status":"closed","ping_status":"closed","template":"","meta":{"_coblocks_attr":"","_coblocks_dimensions":"","_coblocks_responsive_height":"","_coblocks_accordion_ie_support":"","footnotes":""},"class_list":["post-19","page","type-page","status-publish","hentry"],"yoast_head":"<!-- This site is optimized with the Yoast SEO Premium plugin v22.8 (Yoast SEO v27.3) - https:\/\/yoast.com\/product\/yoast-seo-premium-wordpress\/ -->\n<title>Edition 2023 - El Cid Journal<\/title>\n<meta name=\"description\" content=\"View the El Cid Edition 2023. This includes essays (ensayos), short stories (cuentos), poems (poemas) and photos (fotografias).\" \/>\n<meta name=\"robots\" content=\"index, follow, max-snippet:-1, max-image-preview:large, max-video-preview:-1\" \/>\n<link rel=\"canonical\" href=\"https:\/\/www.citadel.edu\/elcid\/edition-2023\/\" \/>\n<meta property=\"og:locale\" content=\"en_US\" \/>\n<meta property=\"og:type\" content=\"article\" \/>\n<meta property=\"og:title\" content=\"Edition 2023\" \/>\n<meta property=\"og:description\" content=\"View the El Cid Edition 2023. This includes essays (ensayos), short stories (cuentos), poems (poemas) and photos (fotografias).\" \/>\n<meta property=\"og:url\" content=\"https:\/\/www.citadel.edu\/elcid\/edition-2023\/\" \/>\n<meta property=\"og:site_name\" content=\"El Cid Journal\" \/>\n<meta property=\"article:modified_time\" content=\"2023-11-06T14:59:28+00:00\" \/>\n<meta name=\"twitter:card\" content=\"summary_large_image\" \/>\n<meta name=\"twitter:label1\" content=\"Est. reading time\" \/>\n\t<meta name=\"twitter:data1\" content=\"2 minutes\" \/>\n<script type=\"application\/ld+json\" class=\"yoast-schema-graph\">{\"@context\":\"https:\\\/\\\/schema.org\",\"@graph\":[{\"@type\":\"WebPage\",\"@id\":\"https:\\\/\\\/www.citadel.edu\\\/elcid\\\/edition-2023\\\/\",\"url\":\"https:\\\/\\\/www.citadel.edu\\\/elcid\\\/edition-2023\\\/\",\"name\":\"Edition 2023 - El Cid Journal\",\"isPartOf\":{\"@id\":\"https:\\\/\\\/www.citadel.edu\\\/elcid\\\/#website\"},\"datePublished\":\"2023-05-17T15:06:49+00:00\",\"dateModified\":\"2023-11-06T14:59:28+00:00\",\"description\":\"View the El Cid Edition 2023. This includes essays (ensayos), short stories (cuentos), poems (poemas) and photos (fotografias).\",\"breadcrumb\":{\"@id\":\"https:\\\/\\\/www.citadel.edu\\\/elcid\\\/edition-2023\\\/#breadcrumb\"},\"inLanguage\":\"en-US\",\"potentialAction\":[{\"@type\":\"ReadAction\",\"target\":[\"https:\\\/\\\/www.citadel.edu\\\/elcid\\\/edition-2023\\\/\"]}]},{\"@type\":\"BreadcrumbList\",\"@id\":\"https:\\\/\\\/www.citadel.edu\\\/elcid\\\/edition-2023\\\/#breadcrumb\",\"itemListElement\":[{\"@type\":\"ListItem\",\"position\":1,\"name\":\"Home\",\"item\":\"https:\\\/\\\/www.citadel.edu\\\/elcid\\\/\"},{\"@type\":\"ListItem\",\"position\":2,\"name\":\"Edition 2023\"}]},{\"@type\":\"WebSite\",\"@id\":\"https:\\\/\\\/www.citadel.edu\\\/elcid\\\/#website\",\"url\":\"https:\\\/\\\/www.citadel.edu\\\/elcid\\\/\",\"name\":\"El Cid Journal\",\"description\":\"\",\"potentialAction\":[{\"@type\":\"SearchAction\",\"target\":{\"@type\":\"EntryPoint\",\"urlTemplate\":\"https:\\\/\\\/www.citadel.edu\\\/elcid\\\/?s={search_term_string}\"},\"query-input\":{\"@type\":\"PropertyValueSpecification\",\"valueRequired\":true,\"valueName\":\"search_term_string\"}}],\"inLanguage\":\"en-US\"}]}<\/script>\n<!-- \/ Yoast SEO Premium plugin. -->","yoast_head_json":{"title":"Edition 2023 - El Cid Journal","description":"View the El Cid Edition 2023. This includes essays (ensayos), short stories (cuentos), poems (poemas) and photos (fotografias).","robots":{"index":"index","follow":"follow","max-snippet":"max-snippet:-1","max-image-preview":"max-image-preview:large","max-video-preview":"max-video-preview:-1"},"canonical":"https:\/\/www.citadel.edu\/elcid\/edition-2023\/","og_locale":"en_US","og_type":"article","og_title":"Edition 2023","og_description":"View the El Cid Edition 2023. This includes essays (ensayos), short stories (cuentos), poems (poemas) and photos (fotografias).","og_url":"https:\/\/www.citadel.edu\/elcid\/edition-2023\/","og_site_name":"El Cid Journal","article_modified_time":"2023-11-06T14:59:28+00:00","twitter_card":"summary_large_image","twitter_misc":{"Est. reading time":"2 minutes"},"schema":{"@context":"https:\/\/schema.org","@graph":[{"@type":"WebPage","@id":"https:\/\/www.citadel.edu\/elcid\/edition-2023\/","url":"https:\/\/www.citadel.edu\/elcid\/edition-2023\/","name":"Edition 2023 - El Cid Journal","isPartOf":{"@id":"https:\/\/www.citadel.edu\/elcid\/#website"},"datePublished":"2023-05-17T15:06:49+00:00","dateModified":"2023-11-06T14:59:28+00:00","description":"View the El Cid Edition 2023. This includes essays (ensayos), short stories (cuentos), poems (poemas) and photos (fotografias).","breadcrumb":{"@id":"https:\/\/www.citadel.edu\/elcid\/edition-2023\/#breadcrumb"},"inLanguage":"en-US","potentialAction":[{"@type":"ReadAction","target":["https:\/\/www.citadel.edu\/elcid\/edition-2023\/"]}]},{"@type":"BreadcrumbList","@id":"https:\/\/www.citadel.edu\/elcid\/edition-2023\/#breadcrumb","itemListElement":[{"@type":"ListItem","position":1,"name":"Home","item":"https:\/\/www.citadel.edu\/elcid\/"},{"@type":"ListItem","position":2,"name":"Edition 2023"}]},{"@type":"WebSite","@id":"https:\/\/www.citadel.edu\/elcid\/#website","url":"https:\/\/www.citadel.edu\/elcid\/","name":"El Cid Journal","description":"","potentialAction":[{"@type":"SearchAction","target":{"@type":"EntryPoint","urlTemplate":"https:\/\/www.citadel.edu\/elcid\/?s={search_term_string}"},"query-input":{"@type":"PropertyValueSpecification","valueRequired":true,"valueName":"search_term_string"}}],"inLanguage":"en-US"}]}},"_links":{"self":[{"href":"https:\/\/www.citadel.edu\/elcid\/wp-json\/wp\/v2\/pages\/19","targetHints":{"allow":["GET"]}}],"collection":[{"href":"https:\/\/www.citadel.edu\/elcid\/wp-json\/wp\/v2\/pages"}],"about":[{"href":"https:\/\/www.citadel.edu\/elcid\/wp-json\/wp\/v2\/types\/page"}],"author":[{"embeddable":true,"href":"https:\/\/www.citadel.edu\/elcid\/wp-json\/wp\/v2\/users\/582"}],"replies":[{"embeddable":true,"href":"https:\/\/www.citadel.edu\/elcid\/wp-json\/wp\/v2\/comments?post=19"}],"version-history":[{"count":5,"href":"https:\/\/www.citadel.edu\/elcid\/wp-json\/wp\/v2\/pages\/19\/revisions"}],"predecessor-version":[{"id":100,"href":"https:\/\/www.citadel.edu\/elcid\/wp-json\/wp\/v2\/pages\/19\/revisions\/100"}],"wp:attachment":[{"href":"https:\/\/www.citadel.edu\/elcid\/wp-json\/wp\/v2\/media?parent=19"}],"curies":[{"name":"wp","href":"https:\/\/api.w.org\/{rel}","templated":true}]}}